{"id":95,"date":"2016-05-19T16:58:25","date_gmt":"2016-05-19T16:58:25","guid":{"rendered":"http:\/\/gmpassessoria.com.br\/site\/?page_id=95"},"modified":"2019-10-18T18:56:07","modified_gmt":"2019-10-18T18:56:07","slug":"negocios-varejo-e-servicos","status":"publish","type":"page","link":"http:\/\/gmpassessoria.com.br\/site\/clientes\/negocios-varejo-e-servicos\/","title":{"rendered":"Neg\u00f3cios, varejo e servi\u00e7os"},"content":{"rendered":"<div class=\"fusion-fullwidth fullwidth-box fusion-fullwidth-1  fusion-parallax-none nonhundred-percent-fullwidth\" style=\"border-color:#eae9e9;border-bottom-width: 0px;border-top-width: 0px;border-bottom-style: solid;border-top-style: solid;padding-bottom:20px;padding-top:20px;padding-left:;padding-right:;\"><style type=\"text\/css\" scoped=\"scoped\">.fusion-fullwidth-1 {\n                            padding-left: px !important;\n                            padding-right: px !important;\n                        }<\/style><div class=\"fusion-row\"><div class=\"fusion-one-full fusion-layout-column fusion-column-last fusion-spacing-yes\" style=\"margin-top:0px;margin-bottom:20px;\"><div class=\"fusion-column-wrapper\"><div class=\"imageframe-align-center\"><span class=\"fusion-imageframe imageframe-none imageframe-1 hover-type-zoomin\"> <img decoding=\"async\" src=\"http:\/\/gmpassessoria.com.br\/site\/wp-content\/uploads\/2016\/05\/Clientes_FOTO-DEPOIS-QUE-CLICA.jpg\" alt=\"\" class=\"img-responsive\"\/><\/span><\/div><div class=\"fusion-sep-clear\"><\/div><div class=\"fusion-separator fusion-full-width-sep sep-none\" style=\"border-color:#e0dede;margin-left: auto;margin-right: auto;margin-top:30px;\"><\/div><div class=\"fusion-clearfix\"><\/div><\/div><\/div><div class=\"fusion-clearfix\"><\/div><div class=\"fusion-two-third fusion-layout-column fusion-spacing-yes\" style=\"margin-top:0px;margin-bottom:20px;\"><div class=\"fusion-column-wrapper\"><div class=\"fusion-title title fusion-sep-none fusion-title-size-three\" style=\"margin-bottom:10px;\"><h3 class=\"title-heading-left\">NEG\u00d3CIOS, VAREJO E SERVI\u00c7OS<\/h3><\/div><div class=\"fusion-sep-clear\"><\/div><div class=\"fusion-separator fusion-full-width-sep sep-none\" style=\"border-color:#e0dede;margin-left: auto;margin-right: auto;margin-top:20px;\"><\/div><div class=\"accordian fusion-accordian\"><div class=\"panel-group\" id=\"accordion-95-1\"><div class=\"fusion-panel panel-default\"><div class=\"panel-heading\"><h4 class=\"panel-title toggle\"><a class=\"active\" data-toggle=\"collapse\" data-parent=\"#accordion-95-1\" data-target=\"#60fac11176b89fe2f\" href=\"#60fac11176b89fe2f\"><div class=\"fusion-toggle-icon-wrapper\"><i class=\"fa-fusion-box\"><\/i><\/div><div class=\"fusion-toggle-heading\">ATUAIS<\/div><\/a><\/h4><\/div><div id=\"60fac11176b89fe2f\" class=\"panel-collapse collapse in\"><div class=\"panel-body toggle-content\"><strong>Help Bab\u00e1\u00a0<\/strong><br \/>\n<strong>Descri\u00e7\u00e3o: <\/strong>Empresa<br \/>\n<strong>Servi\u00e7os:\u00a0<\/strong>Recrutamento<\/p>\n<p><strong>Shalimar Winkler<\/strong><br \/>\n<strong>Descri\u00e7\u00e3o: <\/strong>Fotografia<br \/>\n<strong>Servi\u00e7os: <\/strong>Assessoria de Imprensa<\/p>\n<p><strong>Shoptime<\/strong><br \/>\n<strong>Descri\u00e7\u00e3o:<\/strong> Empresa<br \/>\n<strong>Servi\u00e7os: <\/strong>Assessoria de Imprensa<\/p>\n<p><strong>Sbacem<\/strong><br \/>\n<strong>Descri\u00e7\u00e3o:<\/strong> Empresa<br \/>\n<strong>Servi\u00e7os: <\/strong>Assessoria de Imprensa<\/p>\n<p><strong>Music Hall<\/strong><br \/>\n<strong>Descri\u00e7\u00e3o:<\/strong> Empresa<br \/>\n<strong>Servi\u00e7os: <\/strong>Assessoria de Imprensa<\/p>\n<p><strong>Fagga Events (GL Events)<\/strong><br \/>\n<strong>Descri\u00e7\u00e3o:<\/strong> Empresa<br \/>\n<strong>Servi\u00e7os: <\/strong>Assessoria de Imprensa<\/p>\n<p><strong>Rioarena\/Jeunesse Arena (GL Events)<\/strong><br \/>\n<strong>Descri\u00e7\u00e3o:<\/strong> Empresa<br \/>\n<strong>Servi\u00e7os: <\/strong>Assessoria de Imprensa<\/p>\n<p><strong>Riocentro (GL Events)<\/strong><br \/>\n<strong>Descri\u00e7\u00e3o:<\/strong> Empresa<br \/>\n<strong>Servi\u00e7os: <\/strong>Assessoria de Imprensa<\/p>\n<p><strong>Braslive Entertainment<\/strong><br \/>\n<strong>Descri\u00e7\u00e3o:<\/strong> Empresa<br \/>\n<strong>Servi\u00e7os: <\/strong>Assessoria de Imprensa e Direcionando de carreira<strong>\u00a0<\/strong><\/p>\n<p><strong>Paula Massoni<\/strong><br \/>\n<strong>Descri\u00e7\u00e3o: <\/strong>Fotografia<br \/>\n<strong>Servi\u00e7os: <\/strong>Assessoria de Imprensa<\/p>\n<p><strong>Nila Costa<\/strong><br \/>\n<strong>Descri\u00e7\u00e3o: <\/strong>Fotografia<br \/>\n<strong>Servi\u00e7os: <\/strong>Assessoria de Imprensa<\/p>\n<p><strong>Daniela Cavalcante<\/strong><br \/>\n<strong>Descri\u00e7\u00e3o: <\/strong>Design de Interiores<br \/>\n<strong>Servi\u00e7os: <\/strong>Assessoria de Imprensa<\/div><\/div><\/div><div class=\"fusion-panel panel-default\"><div class=\"panel-heading\"><h4 class=\"panel-title toggle\"><a data-toggle=\"collapse\" data-parent=\"#accordion-95-1\" data-target=\"#23af25d66bd4cb65e\" href=\"#23af25d66bd4cb65e\"><div class=\"fusion-toggle-icon-wrapper\"><i class=\"fa-fusion-box\"><\/i><\/div><div class=\"fusion-toggle-heading\">J\u00c1 ATENDIDOS<\/div><\/a><\/h4><\/div><div id=\"23af25d66bd4cb65e\" class=\"panel-collapse collapse \"><div class=\"panel-body toggle-content\"><strong>Nome do Cliente: <\/strong>Dernizo Pagnoncelli<br \/>\n<strong>Descri\u00e7\u00e3o: <\/strong>Consultor de Neg\u00f3cios<br \/>\n<strong>Servi\u00e7os: <\/strong>Assessoria de Imprensa e M\u00eddias Sociais<\/p>\n<p><strong>Nome do cliente: <\/strong>Alessandro Cecconi<br \/>\n<strong>Descri\u00e7\u00e3o:<\/strong>Fot\u00f3grafo<br \/>\n<strong>Servi\u00e7os Oferecidos:<\/strong>Assessoria de Imprensa<\/p>\n<p><strong>Nome do cliente: <\/strong>Bebearte Fotografia<br \/>\n<strong>Descri\u00e7\u00e3o: <\/strong>Fotografia<br \/>\n<strong>Servi\u00e7os: <\/strong>Assessoria de Imprensa<\/p>\n<p><strong>Nome do cliente: <\/strong>C2M RH<br \/>\n<strong>Descri\u00e7\u00e3o: <\/strong>Consultoria e Treinamento em RH<br \/>\n<strong>Servi\u00e7os: <\/strong>Assessoria de Imprensa<strong>\u00a0<\/strong><\/p>\n<p><strong>Nome do cliente:<\/strong> EXPANS\u00c3O DO SHOPPING BARRA SQUARE<br \/>\n<strong>Descri\u00e7\u00e3o:<\/strong>Shopping<br \/>\n<strong>Servi\u00e7os Oferecidos:<\/strong>Assessoria de Imprensa<\/p>\n<p><strong>Nome do cliente:<\/strong>LA MAISON BELLE<strong><br \/>\n<\/strong><strong>Descri\u00e7\u00e3o:<\/strong>Empresa de RH<strong><br \/>\n<\/strong><strong>Servi\u00e7os Oferecidos:<\/strong>Assessoria de Imprensa<\/p>\n<p><strong>Nome do cliente: <\/strong>La Papeterie<br \/>\n<strong>Descri\u00e7\u00e3o: <\/strong>Varejo de presentes criativos e papelaria de luxo<br \/>\n<strong>Servi\u00e7os: <\/strong>Assessoria de Imprensa<strong>\u00a0<\/strong><\/p>\n<p><strong>Nome do cliente:<\/strong>EMPREENDIMENTOS EMPRESARIAIS<br \/>\n<strong>Descri\u00e7\u00e3o:<\/strong>Empreendimentos<br \/>\n<strong>Servi\u00e7os Oferecidos:<\/strong>Elabora\u00e7\u00e3o de Palestras sobre Planejamento Estrat\u00e9gico e Terceiriza\u00e7\u00e3o de empresas<\/p>\n<p><strong>Nome do cliente:<\/strong>LOJA ANGELA RUSSI<strong>\u00a0<\/strong><br \/>\n<strong>Descri\u00e7\u00e3o:<\/strong>Arquitetura e Decora\u00e7\u00e3o<br \/>\n<strong>Servi\u00e7os Oferecidos:<\/strong>Assessoria de Imprensa<\/p>\n<p><strong>Nome do cliente:<\/strong>WAL-MART BRASIL<br \/>\n<strong>Descri\u00e7\u00e3o:<\/strong>Varejo<br \/>\n<strong>Servi\u00e7os Oferecidos:<\/strong>Assessoria de Imprensa para a implanta\u00e7\u00e3o das obras do primeiro Wal-Mart no Rio de Janeiro.<\/p>\n<p><strong>Nome do cliente:<\/strong>VASPAG<br \/>\n<strong>Descri\u00e7\u00e3o:<\/strong>Consultores Associados<br \/>\n<strong>Servi\u00e7os Oferecidos:<\/strong>Assessoria de Imprensa \/ Pesquisa para produ\u00e7\u00e3o dos livros:\u00a0 \u201cEntre Aspas \u2013 Pensamentos Selecionados para Empres\u00e1rios, Executivos e Gerentes\u201d; \u201cSucesso Empresarial Planejado\u201d e \u201cQuerer \u00e9 Poder\u201d.<\/p>\n<p><strong>Nome do cliente:<\/strong>UNIQUE BY RENATA ABREU<br \/>\n<strong>Descri\u00e7\u00e3o:<\/strong>Atelier Multimarcas<br \/>\n<strong>Servi\u00e7os Oferecidos:<\/strong>Assessoria de Imprensa<\/p>\n<p><strong>Nome do cliente:<\/strong>METALNAVE S\/A COM\u00c9RCIO E IND\u00daSTRIA<strong>\u00a0<\/strong><br \/>\n<strong>Descri\u00e7\u00e3o:<\/strong>Navega\u00e7\u00e3o \u2013 Ass. Para eventos da empresa<br \/>\n<strong>Servi\u00e7os Oferecidos:<\/strong>Assessoria de Imprensa<\/p>\n<p><strong>Nome do cliente:<\/strong>CRIARE<br \/>\n<strong>Descri\u00e7\u00e3o:<\/strong>Loja de m\u00f3veis planejados (unidade Copacabana)<br \/>\n<strong>Servi\u00e7os Oferecidos:<\/strong>Assessoria de Imprensa<\/p>\n<p><strong>Nome do cliente:<\/strong>ABRAT\u00c1XI<br \/>\n<strong>Descri\u00e7\u00e3o:<\/strong>ASSOCIA\u00c7\u00c3O DOS TAXISTAS DO BRASIL<br \/>\n<strong>Servi\u00e7os Oferecidos:<\/strong>Assessoria de Imprensa<\/p>\n<p><strong>Nome do cliente:<\/strong>ALFETOUR VIAGENS E TURISMO<strong>\u00a0<\/strong><br \/>\n<strong>Descri\u00e7\u00e3o:<\/strong>VIAGENS E TURISMO<strong>\u00a0<\/strong><br \/>\n<strong>Servi\u00e7os Oferecidos:<\/strong>Assessoria de Imprensa<\/p>\n<p><strong>Nome do cliente:<\/strong>LAUREL TURISMO<strong>\u00a0<\/strong><br \/>\n<strong>Descri\u00e7\u00e3o:<\/strong>VIAGENS E TURISMO<strong>\u00a0<\/strong><br \/>\n<strong>Servi\u00e7os Oferecidos:<\/strong>Assessoria de Imprensa<\/p>\n<p><strong>Nome do cliente:<\/strong>ANDREA TELLES<br \/>\n<strong>Descri\u00e7\u00e3o:<\/strong>EMPRES\u00c1RIA<strong>\u00a0<\/strong><br \/>\n<strong>Servi\u00e7os Oferecidos:<\/strong>Assessoria de Imprensa para a empres\u00e1ria e lan\u00e7amento do seu livro \u201cSete Vidas\u201d.<\/p>\n<p><strong>Nome do cliente:<\/strong>AGROCOPA \u2013 2011<br \/>\n<strong>Descri\u00e7\u00e3o:<\/strong>Leil\u00e3o de gado<br \/>\n<strong>Servi\u00e7os Oferecidos:<\/strong>Assessoria de Imprensa<\/div><\/div><\/div><\/div><\/div><div class=\"fusion-clearfix\"><\/div><\/div><\/div><div class=\"fusion-one-third fusion-layout-column fusion-column-last fusion-spacing-yes\" style=\"margin-top:0px;margin-bottom:20px;\"><div class=\"fusion-column-wrapper\"><p><img loading=\"lazy\" decoding=\"async\" id=\"Image-Maps-Com-image-maps-2016-05-19-134151\" src=\"http:\/\/gmpassessoria.com.br\/site\/wp-content\/uploads\/2016\/07\/categoria-negocios.png\" alt=\"\" usemap=\"#image-maps-2016-05-19-134151\" width=\"300\" height=\"299\" border=\"0\" \/><\/p>\n<map id=\"ImageMapsCom-image-maps-2016-05-19-134151\" name=\"image-maps-2016-05-19-134151\">\n<area style=\"outline: none;\" title=\"M\u00fasica\" alt=\"M\u00fasica\" coords=\"3,209,88,295\" shape=\"rect\" href=\"http:\/\/gmpassessoria.com.br\/site\/musica\/\" target=\"_self\" \/>\n<area style=\"outline: none;\" title=\"Moda e Beleza\" alt=\"Moda e Beleza\" coords=\"3,2,88,88\" shape=\"rect\" href=\"http:\/\/gmpassessoria.com.br\/site\/moda-e-beleza\/\" target=\"_self\" \/>\n<area style=\"outline: none;\" title=\"Gastronomia\" alt=\"Gastronomia\" coords=\"106,2,191,88\" shape=\"rect\" href=\"http:\/\/gmpassessoria.com.br\/site\/gastronomia\/\" target=\"_self\" \/>\n<area style=\"outline: none;\" title=\"Neg\u00f3cios, varejo e servi\u00e7os\" alt=\"Neg\u00f3cios, varejo e servi\u00e7os\" coords=\"212,4,295,87\" shape=\"rect\" href=\"http:\/\/gmpassessoria.com.br\/site\/negocios-varejo-e-servicos\/\" target=\"_self\" \/>\n<area style=\"outline: none;\" title=\"\u00c1rea M\u00e9dica\" alt=\"\u00c1rea M\u00e9dica\" coords=\"4,107,87,190\" shape=\"rect\" href=\"http:\/\/gmpassessoria.com.br\/site\/area-medica\/\" target=\"_self\" \/>\n<area style=\"outline: none;\" title=\"Esporte\" alt=\"Esporte\" coords=\"107,107,191,191\" shape=\"rect\" href=\"http:\/\/gmpassessoria.com.br\/site\/esporte\/\" target=\"_self\" \/>\n<area style=\"outline: none;\" title=\"Cultura e Entretenimento\" alt=\"Cultura e Entretenimento\" coords=\"212,107,296,191\" shape=\"rect\" href=\"http:\/\/gmpassessoria.com.br\/site\/cultura-e-entretenimento\/\" target=\"_self\" \/>\n<area style=\"outline: none;\" title=\"Artistas\" alt=\"Artistas\" coords=\"107,210,190,294\" shape=\"rect\" href=\"http:\/\/gmpassessoria.com.br\/site\/artistas\/\" target=\"_self\" \/>\n<area style=\"outline: none;\" title=\"Eventos\" alt=\"Eventos\" coords=\"212,210,296,294\" shape=\"rect\" href=\"http:\/\/gmpassessoria.com.br\/site\/eventos\/\" target=\"_self\" \/>\n<area style=\"outline: none;\" title=\"Image Map\" alt=\"Image Map\" coords=\"298,297,300,299\" shape=\"rect\" href=\"http:\/\/www.image-maps.com\/index.php?aff=mapped_users_0\" \/> <\/map>\n<div class=\"fusion-clearfix\"><\/div><\/div><\/div><div class=\"fusion-clearfix\"><\/div><\/div><\/div>\n","protected":false},"excerpt":{"rendered":"","protected":false},"author":1,"featured_media":0,"parent":108,"menu_order":0,"comment_status":"closed","ping_status":"closed","template":"100-width.php","meta":{"footnotes":""},"class_list":["post-95","page","type-page","status-publish","hentry"],"_links":{"self":[{"href":"http:\/\/gmpassessoria.com.br\/site\/wp-json\/wp\/v2\/pages\/95","targetHints":{"allow":["GET"]}}],"collection":[{"href":"http:\/\/gmpassessoria.com.br\/site\/wp-json\/wp\/v2\/pages"}],"about":[{"href":"http:\/\/gmpassessoria.com.br\/site\/wp-json\/wp\/v2\/types\/page"}],"author":[{"embeddable":true,"href":"http:\/\/gmpassessoria.com.br\/site\/wp-json\/wp\/v2\/users\/1"}],"replies":[{"embeddable":true,"href":"http:\/\/gmpassessoria.com.br\/site\/wp-json\/wp\/v2\/comments?post=95"}],"version-history":[{"count":12,"href":"http:\/\/gmpassessoria.com.br\/site\/wp-json\/wp\/v2\/pages\/95\/revisions"}],"predecessor-version":[{"id":413,"href":"http:\/\/gmpassessoria.com.br\/site\/wp-json\/wp\/v2\/pages\/95\/revisions\/413"}],"up":[{"embeddable":true,"href":"http:\/\/gmpassessoria.com.br\/site\/wp-json\/wp\/v2\/pages\/108"}],"wp:attachment":[{"href":"http:\/\/gmpassessoria.com.br\/site\/wp-json\/wp\/v2\/media?parent=95"}],"curies":[{"name":"wp","href":"https:\/\/api.w.org\/{rel}","templated":true}]}}