{"id":48,"date":"2016-05-18T21:01:59","date_gmt":"2016-05-18T21:01:59","guid":{"rendered":"http:\/\/gmpassessoria.com.br\/site\/?page_id=48"},"modified":"2016-07-15T20:20:15","modified_gmt":"2016-07-15T20:20:15","slug":"servicos","status":"publish","type":"page","link":"http:\/\/gmpassessoria.com.br\/site\/servicos\/","title":{"rendered":"Servi\u00e7os"},"content":{"rendered":"<div class=\"fusion-fullwidth fullwidth-box fusion-fullwidth-1  fusion-parallax-none nonhundred-percent-fullwidth\" style=\"border-color:#eae9e9;border-bottom-width: 0px;border-top-width: 0px;border-bottom-style: solid;border-top-style: solid;padding-bottom:100px;padding-top:100px;padding-left:;padding-right:;background-position:center center;background-repeat:no-repeat;-webkit-background-size:cover;-moz-background-size:cover;-o-background-size:cover;background-size:cover;-ms-filter: &quot;progid:DXImageTransform.Microsoft.AlphaImageLoader(src=&#039;http:\/\/gmpassessoria.com.br\/site\/wp-content\/uploads\/2016\/05\/Header_Servi\u00e7os.jpg&#039;, sizingMethod=&#039;scale&#039;)&quot;;background-image: url(http:\/\/gmpassessoria.com.br\/site\/wp-content\/uploads\/2016\/05\/Header_Servi\u00e7os.jpg);\"><style type=\"text\/css\" scoped=\"scoped\">.fusion-fullwidth-1 {\n                            padding-left: px !important;\n                            padding-right: px !important;\n                        }<\/style><div class=\"fusion-row\"><div class=\"fusion-title title fusion-sep-none fusion-title-center fusion-title-size-five\"><h5 class=\"title-heading-center\">SERVI\u00c7OS<\/h5><\/div><\/div><\/div><div class=\"fusion-fullwidth fullwidth-box fusion-fullwidth-2  fusion-parallax-none nonhundred-percent-fullwidth\" style=\"border-color:#eae9e9;border-bottom-width: 0px;border-top-width: 0px;border-bottom-style: solid;border-top-style: solid;padding-bottom:20px;padding-top:20px;padding-left:;padding-right:;\"><style type=\"text\/css\" scoped=\"scoped\">.fusion-fullwidth-2 {\n                            padding-left: px !important;\n                            padding-right: px !important;\n                        }<\/style><div class=\"fusion-row\"><div class=\"fusion-sep-clear\"><\/div><div class=\"fusion-separator fusion-full-width-sep sep-none\" style=\"border-color:#e0dede;margin-left: auto;margin-right: auto;margin-top:20px;\"><\/div><p style=\"text-align: center;\">A GMP considera fundamental a integra\u00e7\u00e3o entre Assessoria de Imprensa e Estrat\u00e9gias de Marketing. Por isso, dirige sempre o seu trabalho no sentido de otimizar os objetivos da empresa, criando no p\u00fablico-alvo atitudes positivas em rela\u00e7\u00e3o aos seus projetos, produtos e servi\u00e7os. A GMP identifica-se integralmente com o Cliente, dispensando-lhe um atendimento personalizado. Os resultados obtidos, em conseq\u00fc\u00eancia dessa orienta\u00e7\u00e3o,comprovam a efici\u00eancia de seu procedimento profissional.<\/p>\n<div class=\"fusion-sep-clear\"><\/div><div class=\"fusion-separator fusion-full-width-sep sep-none\" style=\"border-color:#e0dede;margin-left: auto;margin-right: auto;margin-top:40px;\"><\/div><div class=\"fusion-one-third fusion-layout-column fusion-spacing-yes\" style=\"margin-top:0px;margin-bottom:20px;\"><div class=\"fusion-column-wrapper\"><div class=\"imageframe-align-center\"><span class=\"fusion-imageframe imageframe-none imageframe-1 hover-type-zoomin\"><a class=\"fusion-no-lightbox\" href=\"http:\/\/gmpassessoria.com.br\/site\/servicos\/assessoria-de-imprensa-2\/\" target=\"_self\"> <img decoding=\"async\" alt=\"\" src=\"http:\/\/gmpassessoria.com.br\/site\/wp-content\/uploads\/2016\/05\/Assessoria-de-Imprensa.jpg\" class=\"img-responsive\"\/><\/a><\/span><\/div><h6 style=\"text-align: center; margin: 4px 0px;\"><a href=\"http:\/\/gmpassessoria.com.br\/site\/servicos\/assessoria-de-imprensa-2\/\">ASSESSORIA DE IMPRENSA<\/a><\/h6>\n<div class=\"fusion-clearfix\"><\/div><\/div><\/div><div class=\"fusion-one-third fusion-layout-column fusion-spacing-yes\" style=\"margin-top:0px;margin-bottom:20px;\"><div class=\"fusion-column-wrapper\"><div class=\"imageframe-align-center\"><span class=\"fusion-imageframe imageframe-none imageframe-2 hover-type-zoomin\"><a class=\"fusion-no-lightbox\" href=\"http:\/\/gmpassessoria.com.br\/site\/servicos\/comunicacao-estrategica\/\" target=\"_self\"> <img decoding=\"async\" alt=\"\" src=\"http:\/\/gmpassessoria.com.br\/site\/wp-content\/uploads\/2016\/07\/\u00cdcones-Servi\u00e7os_Comunica\u00e7\u00e3o-Estrat\u00e9gica.jpg\" class=\"img-responsive\"\/><\/a><\/span><\/div><h6 style=\"text-align: center; margin: 4px 0px;\"><a href=\"http:\/\/gmpassessoria.com.br\/site\/servicos\/comunicacao-estrategica\/\">COMUNICA\u00c7\u00c3O ESTRAT\u00c9GICA<\/a><\/h6>\n<div class=\"fusion-clearfix\"><\/div><\/div><\/div><div class=\"fusion-one-third fusion-layout-column fusion-column-last fusion-spacing-yes\" style=\"margin-top:0px;margin-bottom:20px;\"><div class=\"fusion-column-wrapper\"><div class=\"imageframe-align-center\"><span class=\"fusion-imageframe imageframe-none imageframe-3 hover-type-zoomin\"><a class=\"fusion-no-lightbox\" href=\"http:\/\/gmpassessoria.com.br\/site\/gerenciamento-musical\" target=\"_self\"> <img decoding=\"async\" alt=\"\" src=\"http:\/\/gmpassessoria.com.br\/site\/wp-content\/uploads\/2016\/07\/\u00cdcones-Servi\u00e7os_Gerenciamento-Musical.jpg\" class=\"img-responsive\"\/><\/a><\/span><\/div><h6 style=\"text-align: center; margin: 4px 0px;\"><a href=\"http:\/\/gmpassessoria.com.br\/site\/gerenciamento-musical\">GERENCIAMENTO MUSICAL<\/a><\/h6>\n<div class=\"fusion-clearfix\"><\/div><\/div><\/div><div class=\"fusion-clearfix\"><\/div><div class=\"fusion-one-fourth fusion-layout-column fusion-spacing-yes\" style=\"margin-top:0px;margin-bottom:20px;\"><div class=\"fusion-column-wrapper\"><div class=\"imageframe-align-center\"><span class=\"fusion-imageframe imageframe-none imageframe-4 hover-type-zoomin\"><a class=\"fusion-no-lightbox\" href=\"http:\/\/gmpassessoria.com.br\/site\/servicos\/empresariamento-artistico-assessoria-artistica\/\" target=\"_self\"> <img decoding=\"async\" alt=\"\" src=\"http:\/\/gmpassessoria.com.br\/site\/wp-content\/uploads\/2016\/05\/Empresariamento-Art\u00edstico_-Assessoria-Art\u00edstica.jpg\" class=\"img-responsive\"\/><\/a><\/span><\/div><h6 style=\"text-align: center; margin: 4px 0px;\"><a href=\"http:\/\/gmpassessoria.com.br\/site\/servicos\/empresariamento-artistico-assessoria-artistica\/\">EMPRESARIAMENTO ART\u00cdSTICO<\/a><\/h6>\n<h6 style=\"text-align: center; margin: 4px 0px;\">ASSESSORIA ART\u00cdSTICA<\/h6>\n<div class=\"fusion-clearfix\"><\/div><\/div><\/div><div class=\"fusion-one-fourth fusion-layout-column fusion-spacing-yes\" style=\"margin-top:0px;margin-bottom:20px;\"><div class=\"fusion-column-wrapper\"><div class=\"imageframe-align-center\"><span class=\"fusion-imageframe imageframe-none imageframe-5 hover-type-zoomin\"><a class=\"fusion-no-lightbox\" href=\"http:\/\/gmpassessoria.com.br\/site\/servicos\/midias-sociais-2\/\" target=\"_self\"> <img decoding=\"async\" alt=\"\" src=\"http:\/\/gmpassessoria.com.br\/site\/wp-content\/uploads\/2016\/05\/M\u00eddias-Sociais.jpg\" class=\"img-responsive\"\/><\/a><\/span><\/div><h6 style=\"text-align: center; margin: 4px 0px;\"><a href=\"http:\/\/gmpassessoria.com.br\/site\/servicos\/midias-sociais-2\/\">M\u00cdDIAS SOCIAIS<\/a><\/h6>\n<div class=\"fusion-clearfix\"><\/div><\/div><\/div><div class=\"fusion-one-fourth fusion-layout-column fusion-spacing-yes\" style=\"margin-top:0px;margin-bottom:20px;\"><div class=\"fusion-column-wrapper\"><div class=\"imageframe-align-center\"><span class=\"fusion-imageframe imageframe-none imageframe-6 hover-type-zoomin\"><a class=\"fusion-no-lightbox\" href=\"http:\/\/gmpassessoria.com.br\/site\/servicos\/gerenciamento-literario\/\" target=\"_self\"> <img decoding=\"async\" alt=\"\" src=\"http:\/\/gmpassessoria.com.br\/site\/wp-content\/uploads\/2016\/07\/\u00cdcones-Servi\u00e7os_Gerenciamento-Liter\u00e1rio.jpg\" class=\"img-responsive\"\/><\/a><\/span><\/div><h6 style=\"text-align: center; margin: 4px 0px;\"><a href=\"http:\/\/gmpassessoria.com.br\/site\/servicos\/gerenciamento-literario\/\">GERENCIAMENTO LITER\u00c1RIO<\/a><\/h6>\n<div class=\"fusion-clearfix\"><\/div><\/div><\/div><div class=\"fusion-one-fourth fusion-layout-column fusion-column-last fusion-spacing-yes\" style=\"margin-top:0px;margin-bottom:20px;\"><div class=\"fusion-column-wrapper\"><div class=\"imageframe-align-center\"><span class=\"fusion-imageframe imageframe-none imageframe-7 hover-type-zoomin\"><a class=\"fusion-no-lightbox\" href=\"http:\/\/gmpassessoria.com.br\/site\/servicos\/planejamento-de-marketing\/\" target=\"_self\"> <img decoding=\"async\" alt=\"\" src=\"http:\/\/gmpassessoria.com.br\/site\/wp-content\/uploads\/2016\/07\/\u00cdcones-Servi\u00e7os_Planejamento-de-marketing.jpg\" class=\"img-responsive\"\/><\/a><\/span><\/div><h6 style=\"text-align: center; margin: 4px 0px;\"><a href=\"http:\/\/gmpassessoria.com.br\/site\/servicos\/planejamento-de-marketing\/\">PLANEJAMENTO DE MARKETING<\/a><\/h6>\n<div class=\"fusion-clearfix\"><\/div><\/div><\/div><div class=\"fusion-clearfix\"><\/div><\/div><\/div>\n","protected":false},"excerpt":{"rendered":"","protected":false},"author":1,"featured_media":0,"parent":0,"menu_order":0,"comment_status":"closed","ping_status":"closed","template":"100-width.php","meta":{"footnotes":""},"class_list":["post-48","page","type-page","status-publish","hentry"],"_links":{"self":[{"href":"http:\/\/gmpassessoria.com.br\/site\/wp-json\/wp\/v2\/pages\/48","targetHints":{"allow":["GET"]}}],"collection":[{"href":"http:\/\/gmpassessoria.com.br\/site\/wp-json\/wp\/v2\/pages"}],"about":[{"href":"http:\/\/gmpassessoria.com.br\/site\/wp-json\/wp\/v2\/types\/page"}],"author":[{"embeddable":true,"href":"http:\/\/gmpassessoria.com.br\/site\/wp-json\/wp\/v2\/users\/1"}],"replies":[{"embeddable":true,"href":"http:\/\/gmpassessoria.com.br\/site\/wp-json\/wp\/v2\/comments?post=48"}],"version-history":[{"count":17,"href":"http:\/\/gmpassessoria.com.br\/site\/wp-json\/wp\/v2\/pages\/48\/revisions"}],"predecessor-version":[{"id":301,"href":"http:\/\/gmpassessoria.com.br\/site\/wp-json\/wp\/v2\/pages\/48\/revisions\/301"}],"wp:attachment":[{"href":"http:\/\/gmpassessoria.com.br\/site\/wp-json\/wp\/v2\/media?parent=48"}],"curies":[{"name":"wp","href":"https:\/\/api.w.org\/{rel}","templated":true}]}}