{"id":37,"date":"2016-05-18T20:43:04","date_gmt":"2016-05-18T20:43:04","guid":{"rendered":"http:\/\/gmpassessoria.com.br\/site\/?page_id=37"},"modified":"2017-09-13T15:20:46","modified_gmt":"2017-09-13T15:20:46","slug":"sobre","status":"publish","type":"page","link":"http:\/\/gmpassessoria.com.br\/site\/sobre\/","title":{"rendered":"Sobre"},"content":{"rendered":"<div class=\"fusion-fullwidth fullwidth-box fusion-fullwidth-1  fusion-parallax-none nonhundred-percent-fullwidth\" style=\"border-color:#eae9e9;border-bottom-width: 0px;border-top-width: 0px;border-bottom-style: solid;border-top-style: solid;padding-bottom:100px;padding-top:100px;padding-left:;padding-right:;background-position:center center;background-repeat:no-repeat;-webkit-background-size:cover;-moz-background-size:cover;-o-background-size:cover;background-size:cover;-ms-filter: &quot;progid:DXImageTransform.Microsoft.AlphaImageLoader(src=&#039;http:\/\/gmpassessoria.com.br\/site\/wp-content\/uploads\/2016\/05\/Header_Sobre-N\u00f3s.jpg&#039;, sizingMethod=&#039;scale&#039;)&quot;;background-image: url(http:\/\/gmpassessoria.com.br\/site\/wp-content\/uploads\/2016\/05\/Header_Sobre-N\u00f3s.jpg);\"><style type=\"text\/css\" scoped=\"scoped\">.fusion-fullwidth-1 {\n                            padding-left: px !important;\n                            padding-right: px !important;\n                        }<\/style><div class=\"fusion-row\"><div class=\"fusion-title title fusion-sep-none fusion-title-center fusion-title-size-five\"><h5 class=\"title-heading-center\">SOBRE N\u00d3S<\/h5><\/div><\/div><\/div><div class=\"fusion-fullwidth fullwidth-box fusion-fullwidth-2  fusion-parallax-none nonhundred-percent-fullwidth\" style=\"border-color:#eae9e9;border-bottom-width: 0px;border-top-width: 0px;border-bottom-style: solid;border-top-style: solid;padding-bottom:20px;padding-top:20px;padding-left:;padding-right:;\"><style type=\"text\/css\" scoped=\"scoped\">.fusion-fullwidth-2 {\n                            padding-left: px !important;\n                            padding-right: px !important;\n                        }<\/style><div class=\"fusion-row\"><div class=\"fusion-sep-clear\"><\/div><div class=\"fusion-separator fusion-full-width-sep sep-none\" style=\"border-color:#e0dede;margin-left: auto;margin-right: auto;margin-top:20px;\"><\/div><div class=\"fusion-title title fusion-sep-none fusion-title-center fusion-title-size-four\"><h4 class=\"title-heading-center\">DEFINI\u00c7\u00d5ES DE NEG\u00d3CIO<\/h4><\/div><p style=\"text-align: center;\"><span style=\"color: black; font-family: Arial; font-size: large;\">Solu\u00e7\u00f5es de comunica\u00e7\u00e3o para pessoas e empresas. Buscamos elaborar estrat\u00e9gias de comunica\u00e7\u00e3o para profissionais e organiza\u00e7\u00f5es, principalmente no nosso foco de atua\u00e7\u00e3o que s\u00e3o os setores culturais, neg\u00f3cios, m\u00fasica, beleza, \u201cfamosos\u201d, moda, gastronomia que pretendem divulgar suas a\u00e7\u00f5es para o mercado atrav\u00e9s do trabalho de assessoria de imprensa.<\/span><\/p>\n<div class=\"fusion-sep-clear\"><\/div><div class=\"fusion-separator fusion-full-width-sep sep-none\" style=\"border-color:#e0dede;margin-left: auto;margin-right: auto;margin-top:40px;\"><\/div><div class=\"fusion-title title fusion-sep-none fusion-title-center fusion-title-size-two\"><h2 class=\"title-heading-center\">OBJETIVO<\/h2><\/div><p style=\"text-align: center;\">Oferecer aos nossos clientes o que h\u00e1 de melhor em comunica\u00e7\u00e3o.<\/p>\n<div class=\"fusion-sep-clear\"><\/div><div class=\"fusion-separator fusion-full-width-sep sep-none\" style=\"border-color:#e0dede;margin-left: auto;margin-right: auto;margin-top:20px;\"><\/div><div class=\"fusion-one-third fusion-layout-column fusion-spacing-yes\" style=\"margin-top:0px;margin-bottom:20px;\"><div class=\"fusion-column-wrapper\"><div class=\"fusion-title title fusion-sep-none fusion-title-center fusion-title-size-three\"><h3 class=\"title-heading-center\">MISS\u00c3O<\/h3><\/div><p style=\"text-align: center;\">A GMP tem como miss\u00e3o fortalecer e divulgar o trabalho realizado pelos seus clientes de modo que os coloque positivamente em evid\u00eancia na m\u00eddia.<\/p>\n<div class=\"fusion-clearfix\"><\/div><\/div><\/div><div class=\"fusion-one-third fusion-layout-column fusion-spacing-yes\" style=\"margin-top:0px;margin-bottom:20px;\"><div class=\"fusion-column-wrapper\"><div class=\"fusion-title title fusion-sep-none fusion-title-center fusion-title-size-three\"><h3 class=\"title-heading-center\">VIS\u00c3O<\/h3><\/div><p style=\"text-align: center;\">Ser reconhecida como uma das melhores e mais respeitadas empresas de assessoria de comunica\u00e7\u00e3o do mercado.<\/p>\n<div class=\"fusion-clearfix\"><\/div><\/div><\/div><div class=\"fusion-one-third fusion-layout-column fusion-column-last fusion-spacing-yes\" style=\"margin-top:0px;margin-bottom:20px;\"><div class=\"fusion-column-wrapper\"><div class=\"fusion-title title fusion-sep-none fusion-title-center fusion-title-size-three\"><h3 class=\"title-heading-center\">VALORES<\/h3><\/div><p style=\"text-align: center;\">A satisfa\u00e7\u00e3o de nossos clientes e a supera\u00e7\u00e3o de suas expectativas, s\u00e3o alguns dos pontos essenciais para o nosso neg\u00f3cio. Atuando com \u00e9tica, qualidade, responsabilidade, respeito, verdade e transpar\u00eancia.<\/p>\n<div class=\"fusion-clearfix\"><\/div><\/div><\/div><div class=\"fusion-clearfix\"><\/div><\/div><\/div>\n","protected":false},"excerpt":{"rendered":"","protected":false},"author":1,"featured_media":0,"parent":0,"menu_order":0,"comment_status":"closed","ping_status":"closed","template":"100-width.php","meta":{"footnotes":""},"class_list":["post-37","page","type-page","status-publish","hentry"],"_links":{"self":[{"href":"http:\/\/gmpassessoria.com.br\/site\/wp-json\/wp\/v2\/pages\/37","targetHints":{"allow":["GET"]}}],"collection":[{"href":"http:\/\/gmpassessoria.com.br\/site\/wp-json\/wp\/v2\/pages"}],"about":[{"href":"http:\/\/gmpassessoria.com.br\/site\/wp-json\/wp\/v2\/types\/page"}],"author":[{"embeddable":true,"href":"http:\/\/gmpassessoria.com.br\/site\/wp-json\/wp\/v2\/users\/1"}],"replies":[{"embeddable":true,"href":"http:\/\/gmpassessoria.com.br\/site\/wp-json\/wp\/v2\/comments?post=37"}],"version-history":[{"count":15,"href":"http:\/\/gmpassessoria.com.br\/site\/wp-json\/wp\/v2\/pages\/37\/revisions"}],"predecessor-version":[{"id":380,"href":"http:\/\/gmpassessoria.com.br\/site\/wp-json\/wp\/v2\/pages\/37\/revisions\/380"}],"wp:attachment":[{"href":"http:\/\/gmpassessoria.com.br\/site\/wp-json\/wp\/v2\/media?parent=37"}],"curies":[{"name":"wp","href":"https:\/\/api.w.org\/{rel}","templated":true}]}}