{"id":270,"date":"2016-07-15T19:33:26","date_gmt":"2016-07-15T19:33:26","guid":{"rendered":"http:\/\/gmpassessoria.com.br\/site\/?page_id=270"},"modified":"2016-07-22T17:43:02","modified_gmt":"2016-07-22T17:43:02","slug":"planejamento-de-marketing","status":"publish","type":"page","link":"http:\/\/gmpassessoria.com.br\/site\/servicos\/planejamento-de-marketing\/","title":{"rendered":"Planejamento de Marketing"},"content":{"rendered":"<div class=\"fusion-fullwidth fullwidth-box fusion-fullwidth-1  fusion-parallax-none nonhundred-percent-fullwidth\" style=\"border-color:#eae9e9;border-bottom-width: 0px;border-top-width: 0px;border-bottom-style: solid;border-top-style: solid;padding-bottom:20px;padding-top:20px;padding-left:;padding-right:;\"><style type=\"text\/css\" scoped=\"scoped\">.fusion-fullwidth-1 {\n                            padding-left: px !important;\n                            padding-right: px !important;\n                        }<\/style><div class=\"fusion-row\"><div class=\"fusion-one-full fusion-layout-column fusion-column-last fusion-spacing-yes\" style=\"margin-top:0px;margin-bottom:20px;\"><div class=\"fusion-column-wrapper\"><div class=\"imageframe-align-center\"><span class=\"fusion-imageframe imageframe-none imageframe-1 hover-type-zoomin\"> <img decoding=\"async\" alt=\"\" src=\"http:\/\/gmpassessoria.com.br\/site\/wp-content\/uploads\/2016\/05\/Servi\u00e7os_FOTO-DEPOIS-QUE-CLICA.jpg\" class=\"img-responsive\"\/><\/span><\/div><div class=\"fusion-sep-clear\"><\/div><div class=\"fusion-separator fusion-full-width-sep sep-none\" style=\"border-color:#e0dede;margin-left: auto;margin-right: auto;margin-top:30px;\"><\/div><div class=\"fusion-clearfix\"><\/div><\/div><\/div><div class=\"fusion-clearfix\"><\/div><div class=\"fusion-two-third fusion-layout-column fusion-spacing-yes\" style=\"margin-top:0px;margin-bottom:20px;\"><div class=\"fusion-column-wrapper\"><div class=\"fusion-title title fusion-sep-none fusion-title-size-three\" style=\"margin-bottom:10px;\"><h3 class=\"title-heading-left\">PLANEJAMENTO DE MARKETING<\/h3><\/div><div class=\"fusion-sep-clear\"><\/div><div class=\"fusion-separator fusion-full-width-sep sep-none\" style=\"border-color:#e0dede;margin-left: auto;margin-right: auto;margin-top:20px;\"><\/div><p>Combinando de modo eficaz os elementos da venda pessoal, rela\u00e7\u00f5es p\u00fablicas, m\u00eddias sociais e marketing direto, com os objetivos de mercado do cliente. Fazemos a Identifica\u00e7\u00e3o do seu p\u00fablico-alvo definindo os objetivos da comunica\u00e7\u00e3o, para s\u00f3 ent\u00e3o projetarmos a imagem na m\u00eddia.<\/p>\n<div class=\"fusion-clearfix\"><\/div><\/div><\/div><div class=\"fusion-one-third fusion-layout-column fusion-column-last fusion-spacing-yes\" style=\"margin-top:0px;margin-bottom:20px;\"><div class=\"fusion-column-wrapper\"><p><img loading=\"lazy\" decoding=\"async\" id=\"Image-Maps-Com-image-maps-2016-07-15-154233\" src=\"http:\/\/gmpassessoria.com.br\/site\/wp-content\/uploads\/2016\/07\/Servi\u00e7os_Marketing-Estrat\u00e9gico-01.png\" alt=\"\" usemap=\"#image-maps-2016-07-15-154233\" width=\"300\" height=\"300\" border=\"0\" \/><\/p>\n<map id=\"ImageMapsCom-image-maps-2016-07-15-154233\" name=\"image-maps-2016-07-15-154233\">\n<area style=\"outline: none;\" title=\"Assessoria de Imprensa\" alt=\"Assessoria de Imprensa\" coords=\"6,4,88,88\" shape=\"rect\" href=\"http:\/\/gmpassessoria.com.br\/site\/servicos\/assessoria-de-imprensa-2\/\" target=\"_self\" \/>\n<area style=\"outline: none;\" title=\"Empresariamento Artistico \" alt=\"Empresariamento Artistico \" coords=\"109,5,191,89\" shape=\"rect\" href=\"http:\/\/gmpassessoria.com.br\/site\/servicos\/empresariamento-artistico-assessoria-artistica\/\" target=\"_self\" \/>\n<area style=\"outline: none;\" title=\"M\u00eddias Sociais\" alt=\"M\u00eddias Sociais\" coords=\"210,4,292,88\" shape=\"rect\" href=\"http:\/\/gmpassessoria.com.br\/site\/servicos\/midias-sociais-2\/\" target=\"_self\" \/>\n<area style=\"outline: none;\" title=\"Produ\u00e7\u00e3o de Eventos\" alt=\"Produ\u00e7\u00e3o de Eventos\" coords=\"6,106,88,190\" shape=\"rect\" href=\"http:\/\/gmpassessoria.com.br\/site\/servicos\/producao-de-eventos-2\/\" target=\"_self\" \/>\n<area style=\"outline: none;\" title=\"Comunica\u00e7\u00e3o Estrat\u00e9gica\" alt=\"Comunica\u00e7\u00e3o Estrat\u00e9gica\" coords=\"109,106,191,190\" shape=\"rect\" href=\"http:\/\/gmpassessoria.com.br\/site\/comunicacao-estrategica\/\" target=\"_self\" \/>\n<area style=\"outline: none;\" title=\"Planejamento de Marketing\" alt=\"Planejamento de Marketing\" coords=\"211,108,295,190\" shape=\"rect\" href=\"http:\/\/gmpassessoria.com.br\/site\/planejamento-de-marketing\/\" target=\"_self\" \/>\n<area style=\"outline: none;\" title=\"Gerenciamento Liter\u00e1rio\" alt=\"Gerenciamento Liter\u00e1rio\" coords=\"6,209,87,293\" shape=\"rect\" href=\"http:\/\/gmpassessoria.com.br\/site\/servicos\/gerenciamento-literario\/\" target=\"_self\" \/>\n<area style=\"outline: none;\" title=\"Gerenciamento Musical\" alt=\"Gerenciamento Musical\" coords=\"108,210,191,293\" shape=\"rect\" href=\"http:\/\/gmpassessoria.com.br\/site\/gerenciamento-musical\" target=\"_self\" \/>\n<area style=\"outline: none;\" title=\"Image Map\" alt=\"Image Map\" coords=\"298,298,300,300\" shape=\"rect\" href=\"http:\/\/www.image-maps.com\/index.php?aff=mapped_users_0\" \/> <\/map>\n<div class=\"fusion-clearfix\"><\/div><\/div><\/div><div class=\"fusion-clearfix\"><\/div><\/div><\/div>\n","protected":false},"excerpt":{"rendered":"","protected":false},"author":1,"featured_media":0,"parent":48,"menu_order":0,"comment_status":"closed","ping_status":"closed","template":"","meta":{"footnotes":""},"class_list":["post-270","page","type-page","status-publish","hentry"],"_links":{"self":[{"href":"http:\/\/gmpassessoria.com.br\/site\/wp-json\/wp\/v2\/pages\/270","targetHints":{"allow":["GET"]}}],"collection":[{"href":"http:\/\/gmpassessoria.com.br\/site\/wp-json\/wp\/v2\/pages"}],"about":[{"href":"http:\/\/gmpassessoria.com.br\/site\/wp-json\/wp\/v2\/types\/page"}],"author":[{"embeddable":true,"href":"http:\/\/gmpassessoria.com.br\/site\/wp-json\/wp\/v2\/users\/1"}],"replies":[{"embeddable":true,"href":"http:\/\/gmpassessoria.com.br\/site\/wp-json\/wp\/v2\/comments?post=270"}],"version-history":[{"count":4,"href":"http:\/\/gmpassessoria.com.br\/site\/wp-json\/wp\/v2\/pages\/270\/revisions"}],"predecessor-version":[{"id":318,"href":"http:\/\/gmpassessoria.com.br\/site\/wp-json\/wp\/v2\/pages\/270\/revisions\/318"}],"up":[{"embeddable":true,"href":"http:\/\/gmpassessoria.com.br\/site\/wp-json\/wp\/v2\/pages\/48"}],"wp:attachment":[{"href":"http:\/\/gmpassessoria.com.br\/site\/wp-json\/wp\/v2\/media?parent=270"}],"curies":[{"name":"wp","href":"https:\/\/api.w.org\/{rel}","templated":true}]}}