{"id":237,"date":"2016-07-11T19:29:20","date_gmt":"2016-07-11T19:29:20","guid":{"rendered":"http:\/\/gmpassessoria.com.br\/site\/?page_id=237"},"modified":"2016-07-22T17:43:22","modified_gmt":"2016-07-22T17:43:22","slug":"gerenciamento-musical","status":"publish","type":"page","link":"http:\/\/gmpassessoria.com.br\/site\/servicos\/gerenciamento-musical\/","title":{"rendered":"Gerenciamento Musical"},"content":{"rendered":"<div class=\"fusion-fullwidth fullwidth-box fusion-fullwidth-1  fusion-parallax-none nonhundred-percent-fullwidth\" style=\"border-color:#eae9e9;border-bottom-width: 0px;border-top-width: 0px;border-bottom-style: solid;border-top-style: solid;padding-bottom:20px;padding-top:20px;padding-left:;padding-right:;\"><style type=\"text\/css\" scoped=\"scoped\">.fusion-fullwidth-1 {\n                            padding-left: px !important;\n                            padding-right: px !important;\n                        }<\/style><div class=\"fusion-row\"><div class=\"fusion-one-full fusion-layout-column fusion-column-last fusion-spacing-yes\" style=\"margin-top:0px;margin-bottom:20px;\"><div class=\"fusion-column-wrapper\"><div class=\"imageframe-align-center\"><span class=\"fusion-imageframe imageframe-none imageframe-1 hover-type-zoomin\"> <img decoding=\"async\" alt=\"\" src=\"http:\/\/gmpassessoria.com.br\/site\/wp-content\/uploads\/2016\/05\/Servi\u00e7os_FOTO-DEPOIS-QUE-CLICA.jpg\" class=\"img-responsive\"\/><\/span><\/div><div class=\"fusion-sep-clear\"><\/div><div class=\"fusion-separator fusion-full-width-sep sep-none\" style=\"border-color:#e0dede;margin-left: auto;margin-right: auto;margin-top:30px;\"><\/div><div class=\"fusion-clearfix\"><\/div><\/div><\/div><div class=\"fusion-clearfix\"><\/div><div class=\"fusion-two-third fusion-layout-column fusion-spacing-yes\" style=\"margin-top:0px;margin-bottom:20px;\"><div class=\"fusion-column-wrapper\"><div class=\"fusion-title title fusion-sep-none fusion-title-size-three\" style=\"margin-bottom:10px;\"><h3 class=\"title-heading-left\">GERENCIAMENTO MUSICAL<\/h3><\/div><div class=\"fusion-sep-clear\"><\/div><div class=\"fusion-separator fusion-full-width-sep sep-none\" style=\"border-color:#e0dede;margin-left: auto;margin-right: auto;margin-top:20px;\"><\/div><p>Associado a dois grandes parceiros, esse pacote de servi\u00e7os visa preparar, posicionar e promover artistas do mercado fonogr\u00e1fico.<br \/>\nInclui: Gerenciamento de Carreira, Marketing Musical, M\u00eddias Sociais, Assessoria de Imprensa, Divulga\u00e7\u00e3o e Rela\u00e7\u00f5es P\u00fablicas.<\/p>\n<div class=\"fusion-clearfix\"><\/div><\/div><\/div><div class=\"fusion-one-third fusion-layout-column fusion-column-last fusion-spacing-yes\" style=\"margin-top:0px;margin-bottom:20px;\"><div class=\"fusion-column-wrapper\"><p><img loading=\"lazy\" decoding=\"async\" id=\"Image-Maps-Com-image-maps-2016-07-15-154233\" src=\"http:\/\/gmpassessoria.com.br\/site\/wp-content\/uploads\/2016\/07\/Servi\u00e7os_Gerenciamento-Musical-01.png\" alt=\"\" usemap=\"#image-maps-2016-07-15-154233\" width=\"300\" height=\"300\" border=\"0\" \/><\/p>\n<map id=\"ImageMapsCom-image-maps-2016-07-15-154233\" name=\"image-maps-2016-07-15-154233\">\n<area style=\"outline: none;\" title=\"Assessoria de Imprensa\" alt=\"Assessoria de Imprensa\" coords=\"6,4,88,88\" shape=\"rect\" href=\"http:\/\/gmpassessoria.com.br\/site\/servicos\/assessoria-de-imprensa-2\/\" target=\"_self\" \/>\n<area style=\"outline: none;\" title=\"Empresariamento Artistico \" alt=\"Empresariamento Artistico \" coords=\"6,106,88,190\" shape=\"rect\" href=\"http:\/\/gmpassessoria.com.br\/site\/servicos\/empresariamento-artistico-assessoria-artistica\/\" target=\"_self\" \/>\n<area style=\"outline: none;\" title=\"M\u00eddias Sociais\" alt=\"M\u00eddias Sociais\" coords=\"109,106,191,190\" shape=\"rect\" href=\"http:\/\/gmpassessoria.com.br\/site\/servicos\/midias-sociais-2\/\" target=\"_self\" \/>\n<area style=\"outline: none;\" title=\"Comunica\u00e7\u00e3o Estrat\u00e9gica\" alt=\"Comunica\u00e7\u00e3o Estrat\u00e9gica\" coords=\"109,3,191,87\" shape=\"rect\" href=\"http:\/\/gmpassessoria.com.br\/site\/comunicacao-estrategica\/\" target=\"_self\" \/>\n<area style=\"outline: none;\" title=\"Planejamento de Marketing\" alt=\"Planejamento de Marketing\" coords=\"5,209,89,291\" shape=\"rect\" href=\"http:\/\/gmpassessoria.com.br\/site\/planejamento-de-marketing\/\" target=\"_self\" \/>\n<area style=\"outline: none;\" title=\"Gerenciamento Musical\" alt=\"Gerenciamento Musical\" coords=\"209,4,291,86\" shape=\"rect\" href=\"http:\/\/gmpassessoria.com.br\/site\/servicos\/gerenciamento-musical\/\" target=\"_self\" \/>\n<area style=\"outline: none;\" title=\"Gerenciamento Liter\u00e1rio\" alt=\"Gerenciamento Liter\u00e1rio\" coords=\"209,106,291,188\" shape=\"rect\" href=\"http:\/\/gmpassessoria.com.br\/site\/servicos\/gerenciamento-literario\/\" target=\"_self\" \/>\n<area style=\"outline: none;\" title=\"Planejamento de Marketing\" alt=\"Planejamento de Marketing\" coords=\"6,211,87,291\" shape=\"rect\" href=\"http:\/\/gmpassessoria.com.br\/site\/servicos\/planejamento-de-marketing\/\" target=\"_self\" \/>\n<area style=\"outline: none;\" title=\"Image Map\" alt=\"Image Map\" coords=\"298,298,300,300\" shape=\"rect\" href=\"http:\/\/www.image-maps.com\/index.php?aff=mapped_users_0\" \/> <\/map>\n<div class=\"fusion-clearfix\"><\/div><\/div><\/div><div class=\"fusion-clearfix\"><\/div><\/div><\/div>\n","protected":false},"excerpt":{"rendered":"","protected":false},"author":1,"featured_media":0,"parent":48,"menu_order":0,"comment_status":"closed","ping_status":"closed","template":"","meta":{"footnotes":""},"class_list":["post-237","page","type-page","status-publish","hentry"],"_links":{"self":[{"href":"http:\/\/gmpassessoria.com.br\/site\/wp-json\/wp\/v2\/pages\/237","targetHints":{"allow":["GET"]}}],"collection":[{"href":"http:\/\/gmpassessoria.com.br\/site\/wp-json\/wp\/v2\/pages"}],"about":[{"href":"http:\/\/gmpassessoria.com.br\/site\/wp-json\/wp\/v2\/types\/page"}],"author":[{"embeddable":true,"href":"http:\/\/gmpassessoria.com.br\/site\/wp-json\/wp\/v2\/users\/1"}],"replies":[{"embeddable":true,"href":"http:\/\/gmpassessoria.com.br\/site\/wp-json\/wp\/v2\/comments?post=237"}],"version-history":[{"count":7,"href":"http:\/\/gmpassessoria.com.br\/site\/wp-json\/wp\/v2\/pages\/237\/revisions"}],"predecessor-version":[{"id":319,"href":"http:\/\/gmpassessoria.com.br\/site\/wp-json\/wp\/v2\/pages\/237\/revisions\/319"}],"up":[{"embeddable":true,"href":"http:\/\/gmpassessoria.com.br\/site\/wp-json\/wp\/v2\/pages\/48"}],"wp:attachment":[{"href":"http:\/\/gmpassessoria.com.br\/site\/wp-json\/wp\/v2\/media?parent=237"}],"curies":[{"name":"wp","href":"https:\/\/api.w.org\/{rel}","templated":true}]}}