{"id":150,"date":"2016-05-19T18:21:41","date_gmt":"2016-05-19T18:21:41","guid":{"rendered":"http:\/\/gmpassessoria.com.br\/site\/?page_id=150"},"modified":"2016-07-15T20:57:53","modified_gmt":"2016-07-15T20:57:53","slug":"empresariamento-artistico-assessoria-artistica","status":"publish","type":"page","link":"http:\/\/gmpassessoria.com.br\/site\/servicos\/empresariamento-artistico-assessoria-artistica\/","title":{"rendered":"Empresariamento Art\u00edstico | Assessoria Art\u00edstica"},"content":{"rendered":"<div class=\"fusion-fullwidth fullwidth-box fusion-fullwidth-1  fusion-parallax-none nonhundred-percent-fullwidth\" style=\"border-color:#eae9e9;border-bottom-width: 0px;border-top-width: 0px;border-bottom-style: solid;border-top-style: solid;padding-bottom:20px;padding-top:20px;padding-left:;padding-right:;\"><style type=\"text\/css\" scoped=\"scoped\">.fusion-fullwidth-1 {\n                            padding-left: px !important;\n                            padding-right: px !important;\n                        }<\/style><div class=\"fusion-row\"><div class=\"fusion-one-full fusion-layout-column fusion-column-last fusion-spacing-yes\" style=\"margin-top:0px;margin-bottom:20px;\"><div class=\"fusion-column-wrapper\"><div class=\"imageframe-align-center\"><span class=\"fusion-imageframe imageframe-none imageframe-1 hover-type-zoomin\"> <img decoding=\"async\" alt=\"\" src=\"http:\/\/gmpassessoria.com.br\/site\/wp-content\/uploads\/2016\/05\/Servi\u00e7os_FOTO-DEPOIS-QUE-CLICA.jpg\" class=\"img-responsive\"\/><\/span><\/div><div class=\"fusion-sep-clear\"><\/div><div class=\"fusion-separator fusion-full-width-sep sep-none\" style=\"border-color:#e0dede;margin-left: auto;margin-right: auto;margin-top:30px;\"><\/div><div class=\"fusion-clearfix\"><\/div><\/div><\/div><div class=\"fusion-clearfix\"><\/div><div class=\"fusion-two-third fusion-layout-column fusion-spacing-yes\" style=\"margin-top:0px;margin-bottom:20px;\"><div class=\"fusion-column-wrapper\"><div class=\"fusion-title title fusion-sep-none fusion-title-size-three\" style=\"margin-bottom:10px;\"><h3 class=\"title-heading-left\">EMPRESARIAMENTO ART\u00cdSTICO | ASSESSORIA ART\u00cdSTICA<\/h3><\/div><div class=\"fusion-sep-clear\"><\/div><div class=\"fusion-separator fusion-full-width-sep sep-none\" style=\"border-color:#e0dede;margin-left: auto;margin-right: auto;margin-top:20px;\"><\/div><p>Ter uma boa assessoria de imprensa \u00e9 fundamental para que o artista consiga bons resultados ao longo da carreira. A m\u00eddia espont\u00e2nea \u00e9 uma formadora de opini\u00e3o imprescind\u00edvel para conquistar o sucesso. Nossa fun\u00e7\u00e3o \u00e9 gerar o reconhecimento atrav\u00e9s de a\u00e7\u00f5es estrat\u00e9gicas de promo\u00e7\u00e3o e exposi\u00e7\u00e3o, sempre explorando seus diferenciais. Cada cliente tem seu pr\u00f3prio objetivo e \u00e9 a partir dele que preparamos nossas estrat\u00e9gias. O atendimento personalizado nos possibilita o conhecimento detalhado para cada um dos projetos \u2013 seja ele um evento, o lan\u00e7amento de um filme ou novela, de um CD, um show, um livro ou divulga\u00e7\u00e3o de um objetivo. Treinamento Para M\u00eddia: A GMP desenvolve m\u00eddia training com seus clientes para verificar a capacidade de comunica\u00e7\u00e3o ajudando os clientes a lidar com a imprensa e conquistar espa\u00e7o em entrevistas com a grande m\u00eddia. Ensinamos t\u00e9cnicas e truques para sempre se sair bem em encontros com os jornalistas especializados.<\/p>\n<div class=\"fusion-clearfix\"><\/div><\/div><\/div><div class=\"fusion-one-third fusion-layout-column fusion-column-last fusion-spacing-yes\" style=\"margin-top:0px;margin-bottom:20px;\"><div class=\"fusion-column-wrapper\"><p><img loading=\"lazy\" decoding=\"async\" id=\"Image-Maps-Com-image-maps-2016-07-15-154233\" src=\"http:\/\/gmpassessoria.com.br\/site\/wp-content\/uploads\/2016\/07\/Servi\u00e7os_Empresariamento-01.png\" border=\"0\" width=\"300\" height=\"300\" orgWidth=\"300\" orgHeight=\"300\" usemap=\"#image-maps-2016-07-15-154233\" alt=\"\" \/><\/p>\n<map name=\"image-maps-2016-07-15-154233\" id=\"ImageMapsCom-image-maps-2016-07-15-154233\">\n<area  alt=\"Assessoria de Imprensa\" title=\"Assessoria de Imprensa\" href=\"http:\/\/gmpassessoria.com.br\/site\/servicos\/assessoria-de-imprensa-2\/\" shape=\"rect\" coords=\"6,4,88,88\" style=\"outline:none;\" target=\"_self\"     \/>\n<area  alt=\"Empresariamento Artistico \" title=\"Empresariamento Artistico \" href=\"http:\/\/gmpassessoria.com.br\/site\/servicos\/empresariamento-artistico-assessoria-artistica\/\" shape=\"rect\" coords=\"6,106,88,190\" style=\"outline:none;\" target=\"_self\"     \/>\n<area  alt=\"M\u00eddias Sociais\" title=\"M\u00eddias Sociais\" href=\"http:\/\/gmpassessoria.com.br\/site\/servicos\/midias-sociais-2\/\" shape=\"rect\" coords=\"109,106,191,190\" style=\"outline:none;\" target=\"_self\"     \/>\n<area  alt=\"Comunica\u00e7\u00e3o Estrat\u00e9gica\" title=\"Comunica\u00e7\u00e3o Estrat\u00e9gica\" href=\"http:\/\/gmpassessoria.com.br\/site\/comunicacao-estrategica\/\" shape=\"rect\" coords=\"109,3,191,87\" style=\"outline:none;\" target=\"_self\"     \/>\n<area  alt=\"Planejamento de Marketing\" title=\"Planejamento de Marketing\" href=\"http:\/\/gmpassessoria.com.br\/site\/planejamento-de-marketing\/\" shape=\"rect\" coords=\"5,209,89,291\" style=\"outline:none;\" target=\"_self\"     \/>\n<area  alt=\"Gerenciamento Musical\" title=\"Gerenciamento Musical\" href=\"http:\/\/gmpassessoria.com.br\/site\/servicos\/gerenciamento-musical\/\" shape=\"rect\" coords=\"209,4,291,86\" style=\"outline:none;\" target=\"_self\"     \/>\n<area  alt=\"Gerenciamento Liter\u00e1rio\" title=\"Gerenciamento Liter\u00e1rio\" href=\"http:\/\/gmpassessoria.com.br\/site\/servicos\/gerenciamento-literario\/\" shape=\"rect\" coords=\"209,106,291,188\" style=\"outline:none;\" target=\"_self\"     \/>\n<area  alt=\"Planejamento de Marketing\" title=\"Planejamento de Marketing\" href=\"http:\/\/gmpassessoria.com.br\/site\/servicos\/planejamento-de-marketing\/\" shape=\"rect\" coords=\"6,211,87,291\" style=\"outline:none;\" target=\"_self\"     \/>\n<area shape=\"rect\" coords=\"298,298,300,300\" alt=\"Image Map\" style=\"outline:none;\" title=\"Image Map\" href=\"http:\/\/www.image-maps.com\/index.php?aff=mapped_users_0\" \/>\n<\/map>\n<div class=\"fusion-clearfix\"><\/div><\/div><\/div><div class=\"fusion-clearfix\"><\/div><\/div><\/div>\n","protected":false},"excerpt":{"rendered":"","protected":false},"author":1,"featured_media":0,"parent":48,"menu_order":0,"comment_status":"closed","ping_status":"closed","template":"100-width.php","meta":{"footnotes":""},"class_list":["post-150","page","type-page","status-publish","hentry"],"_links":{"self":[{"href":"http:\/\/gmpassessoria.com.br\/site\/wp-json\/wp\/v2\/pages\/150","targetHints":{"allow":["GET"]}}],"collection":[{"href":"http:\/\/gmpassessoria.com.br\/site\/wp-json\/wp\/v2\/pages"}],"about":[{"href":"http:\/\/gmpassessoria.com.br\/site\/wp-json\/wp\/v2\/types\/page"}],"author":[{"embeddable":true,"href":"http:\/\/gmpassessoria.com.br\/site\/wp-json\/wp\/v2\/users\/1"}],"replies":[{"embeddable":true,"href":"http:\/\/gmpassessoria.com.br\/site\/wp-json\/wp\/v2\/comments?post=150"}],"version-history":[{"count":5,"href":"http:\/\/gmpassessoria.com.br\/site\/wp-json\/wp\/v2\/pages\/150\/revisions"}],"predecessor-version":[{"id":311,"href":"http:\/\/gmpassessoria.com.br\/site\/wp-json\/wp\/v2\/pages\/150\/revisions\/311"}],"up":[{"embeddable":true,"href":"http:\/\/gmpassessoria.com.br\/site\/wp-json\/wp\/v2\/pages\/48"}],"wp:attachment":[{"href":"http:\/\/gmpassessoria.com.br\/site\/wp-json\/wp\/v2\/media?parent=150"}],"curies":[{"name":"wp","href":"https:\/\/api.w.org\/{rel}","templated":true}]}}