{"id":145,"date":"2016-05-19T18:15:26","date_gmt":"2016-05-19T18:15:26","guid":{"rendered":"http:\/\/gmpassessoria.com.br\/site\/?page_id=145"},"modified":"2016-07-15T20:56:45","modified_gmt":"2016-07-15T20:56:45","slug":"assessoria-de-imprensa-2","status":"publish","type":"page","link":"http:\/\/gmpassessoria.com.br\/site\/servicos\/assessoria-de-imprensa-2\/","title":{"rendered":"Assessoria de Imprensa"},"content":{"rendered":"<div class=\"fusion-fullwidth fullwidth-box fusion-fullwidth-1  fusion-parallax-none nonhundred-percent-fullwidth\" style=\"border-color:#eae9e9;border-bottom-width: 0px;border-top-width: 0px;border-bottom-style: solid;border-top-style: solid;padding-bottom:20px;padding-top:20px;padding-left:;padding-right:;\"><style type=\"text\/css\" scoped=\"scoped\">.fusion-fullwidth-1 {\n                            padding-left: px !important;\n                            padding-right: px !important;\n                        }<\/style><div class=\"fusion-row\"><div class=\"fusion-one-full fusion-layout-column fusion-column-last fusion-spacing-yes\" style=\"margin-top:0px;margin-bottom:20px;\"><div class=\"fusion-column-wrapper\"><div class=\"imageframe-align-center\"><span class=\"fusion-imageframe imageframe-none imageframe-1 hover-type-zoomin\"> <img decoding=\"async\" alt=\"\" src=\"http:\/\/gmpassessoria.com.br\/site\/wp-content\/uploads\/2016\/05\/Servi\u00e7os_FOTO-DEPOIS-QUE-CLICA.jpg\" class=\"img-responsive\"\/><\/span><\/div><div class=\"fusion-sep-clear\"><\/div><div class=\"fusion-separator fusion-full-width-sep sep-none\" style=\"border-color:#e0dede;margin-left: auto;margin-right: auto;margin-top:30px;\"><\/div><div class=\"fusion-clearfix\"><\/div><\/div><\/div><div class=\"fusion-clearfix\"><\/div><div class=\"fusion-two-third fusion-layout-column fusion-spacing-yes\" style=\"margin-top:0px;margin-bottom:20px;\"><div class=\"fusion-column-wrapper\"><div class=\"fusion-title title fusion-sep-none fusion-title-size-three\" style=\"margin-bottom:10px;\"><h3 class=\"title-heading-left\">ASSESSORIA DE IMPRENSA<\/h3><\/div><div class=\"fusion-sep-clear\"><\/div><div class=\"fusion-separator fusion-full-width-sep sep-none\" style=\"border-color:#e0dede;margin-left: auto;margin-right: auto;margin-top:20px;\"><\/div><p>A\u00e7\u00e3o de comunica\u00e7\u00e3o realizada por profissionais especializados em traduzir para a linguagem jornal\u00edstica as informa\u00e7\u00f5es passadas pela empresa, escolhendo o melhor caminho para a divulga\u00e7\u00e3o da not\u00edcia. Para atender plenamente \u00e0s exig\u00eancias conceituais e operacionais de cada ve\u00edculo \u00e9 preciso um profundo conhecimento de como cada meio de comunica\u00e7\u00e3o funciona. A Assessoria de Imprensa \u00e9 um servi\u00e7o de comunica\u00e7\u00e3o de natureza jornal\u00edstica prestado a empresas, institui\u00e7\u00f5es, sindicatos, associa\u00e7\u00f5es e at\u00e9 a pessoas f\u00edsicas. Respons\u00e1vel pela produ\u00e7\u00e3o de textos para os ve\u00edculos de comunica\u00e7\u00e3o cobrindo as \u00e1reas de m\u00eddia eletr\u00f4nica (TV, r\u00e1dio e Internet) e impressa. Divulga\u00e7\u00e3o de eventos, lan\u00e7amento de produtos, servi\u00e7os e empresas com objetivos institucionais e mercadol\u00f3gicos.<\/p>\n<div class=\"fusion-clearfix\"><\/div><\/div><\/div><div class=\"fusion-one-third fusion-layout-column fusion-column-last fusion-spacing-yes\" style=\"margin-top:0px;margin-bottom:20px;\"><div class=\"fusion-column-wrapper\"><p><img loading=\"lazy\" decoding=\"async\" id=\"Image-Maps-Com-image-maps-2016-07-15-154233\" src=\"http:\/\/gmpassessoria.com.br\/site\/wp-content\/uploads\/2016\/07\/Servi\u00e7os_Assessoria-01.png\" alt=\"\" usemap=\"#image-maps-2016-07-15-154233\" width=\"300\" height=\"300\" border=\"0\" \/><\/p>\n<map id=\"ImageMapsCom-image-maps-2016-07-15-154233\" name=\"image-maps-2016-07-15-154233\">\n<area style=\"outline: none;\" title=\"Assessoria de Imprensa\" alt=\"Assessoria de Imprensa\" coords=\"6,4,88,88\" shape=\"rect\" href=\"http:\/\/gmpassessoria.com.br\/site\/servicos\/assessoria-de-imprensa-2\/\" target=\"_self\" \/>\n<area style=\"outline: none;\" title=\"Empresariamento Artistico \" alt=\"Empresariamento Artistico \" coords=\"6,106,88,190\" shape=\"rect\" href=\"http:\/\/gmpassessoria.com.br\/site\/servicos\/empresariamento-artistico-assessoria-artistica\/\" target=\"_self\" \/>\n<area style=\"outline: none;\" title=\"M\u00eddias Sociais\" alt=\"M\u00eddias Sociais\" coords=\"109,106,191,190\" shape=\"rect\" href=\"http:\/\/gmpassessoria.com.br\/site\/servicos\/midias-sociais-2\/\" target=\"_self\" \/>\n<area style=\"outline: none;\" title=\"Comunica\u00e7\u00e3o Estrat\u00e9gica\" alt=\"Comunica\u00e7\u00e3o Estrat\u00e9gica\" coords=\"109,3,191,87\" shape=\"rect\" href=\"http:\/\/gmpassessoria.com.br\/site\/comunicacao-estrategica\/\" target=\"_self\" \/>\n<area style=\"outline: none;\" title=\"Planejamento de Marketing\" alt=\"Planejamento de Marketing\" coords=\"5,209,89,291\" shape=\"rect\" href=\"http:\/\/gmpassessoria.com.br\/site\/planejamento-de-marketing\/\" target=\"_self\" \/>\n<area style=\"outline: none;\" title=\"Gerenciamento Musical\" alt=\"Gerenciamento Musical\" coords=\"209,4,291,86\" shape=\"rect\" href=\"http:\/\/gmpassessoria.com.br\/site\/servicos\/gerenciamento-musical\/\" target=\"_self\" \/>\n<area style=\"outline: none;\" title=\"Gerenciamento Liter\u00e1rio\" alt=\"Gerenciamento Liter\u00e1rio\" coords=\"209,106,291,188\" shape=\"rect\" href=\"http:\/\/gmpassessoria.com.br\/site\/servicos\/gerenciamento-literario\/\" target=\"_self\" \/>\n<area style=\"outline: none;\" title=\"Planejamento de Marketing\" alt=\"Planejamento de Marketing\" coords=\"6,211,87,291\" shape=\"rect\" href=\"http:\/\/gmpassessoria.com.br\/site\/servicos\/planejamento-de-marketing\/\" target=\"_self\" \/>\n<area style=\"outline: none;\" title=\"Image Map\" alt=\"Image Map\" coords=\"298,298,300,300\" shape=\"rect\" href=\"http:\/\/www.image-maps.com\/index.php?aff=mapped_users_0\" \/> <\/map>\n<div class=\"fusion-clearfix\"><\/div><\/div><\/div><div class=\"fusion-clearfix\"><\/div><\/div><\/div>\n","protected":false},"excerpt":{"rendered":"","protected":false},"author":1,"featured_media":0,"parent":48,"menu_order":0,"comment_status":"closed","ping_status":"closed","template":"100-width.php","meta":{"footnotes":""},"class_list":["post-145","page","type-page","status-publish","hentry"],"_links":{"self":[{"href":"http:\/\/gmpassessoria.com.br\/site\/wp-json\/wp\/v2\/pages\/145","targetHints":{"allow":["GET"]}}],"collection":[{"href":"http:\/\/gmpassessoria.com.br\/site\/wp-json\/wp\/v2\/pages"}],"about":[{"href":"http:\/\/gmpassessoria.com.br\/site\/wp-json\/wp\/v2\/types\/page"}],"author":[{"embeddable":true,"href":"http:\/\/gmpassessoria.com.br\/site\/wp-json\/wp\/v2\/users\/1"}],"replies":[{"embeddable":true,"href":"http:\/\/gmpassessoria.com.br\/site\/wp-json\/wp\/v2\/comments?post=145"}],"version-history":[{"count":7,"href":"http:\/\/gmpassessoria.com.br\/site\/wp-json\/wp\/v2\/pages\/145\/revisions"}],"predecessor-version":[{"id":309,"href":"http:\/\/gmpassessoria.com.br\/site\/wp-json\/wp\/v2\/pages\/145\/revisions\/309"}],"up":[{"embeddable":true,"href":"http:\/\/gmpassessoria.com.br\/site\/wp-json\/wp\/v2\/pages\/48"}],"wp:attachment":[{"href":"http:\/\/gmpassessoria.com.br\/site\/wp-json\/wp\/v2\/media?parent=145"}],"curies":[{"name":"wp","href":"https:\/\/api.w.org\/{rel}","templated":true}]}}