{"id":106,"date":"2016-05-19T17:23:00","date_gmt":"2016-05-19T17:23:00","guid":{"rendered":"http:\/\/gmpassessoria.com.br\/site\/?page_id=106"},"modified":"2019-10-18T18:42:58","modified_gmt":"2019-10-18T18:42:58","slug":"eventos","status":"publish","type":"page","link":"http:\/\/gmpassessoria.com.br\/site\/clientes\/eventos\/","title":{"rendered":"Eventos"},"content":{"rendered":"<div class=\"fusion-fullwidth fullwidth-box fusion-fullwidth-1  fusion-parallax-none nonhundred-percent-fullwidth\" style=\"border-color:#eae9e9;border-bottom-width: 0px;border-top-width: 0px;border-bottom-style: solid;border-top-style: solid;padding-bottom:20px;padding-top:20px;padding-left:;padding-right:;\"><style type=\"text\/css\" scoped=\"scoped\">.fusion-fullwidth-1 {\n                            padding-left: px !important;\n                            padding-right: px !important;\n                        }<\/style><div class=\"fusion-row\"><div class=\"fusion-one-full fusion-layout-column fusion-column-last fusion-spacing-yes\" style=\"margin-top:0px;margin-bottom:20px;\"><div class=\"fusion-column-wrapper\"><div class=\"imageframe-align-center\"><span class=\"fusion-imageframe imageframe-none imageframe-1 hover-type-zoomin\"> <img decoding=\"async\" src=\"http:\/\/gmpassessoria.com.br\/site\/wp-content\/uploads\/2016\/05\/Clientes_FOTO-DEPOIS-QUE-CLICA.jpg\" alt=\"\" class=\"img-responsive\"\/><\/span><\/div><div class=\"fusion-sep-clear\"><\/div><div class=\"fusion-separator fusion-full-width-sep sep-none\" style=\"border-color:#e0dede;margin-left: auto;margin-right: auto;margin-top:30px;\"><\/div><div class=\"fusion-clearfix\"><\/div><\/div><\/div><div class=\"fusion-clearfix\"><\/div><div class=\"fusion-two-third fusion-layout-column fusion-spacing-yes\" style=\"margin-top:0px;margin-bottom:20px;\"><div class=\"fusion-column-wrapper\"><div class=\"fusion-title title fusion-sep-none fusion-title-size-three\" style=\"margin-bottom:10px;\"><h3 class=\"title-heading-left\">EVENTOS<\/h3><\/div><div class=\"fusion-sep-clear\"><\/div><div class=\"fusion-separator fusion-full-width-sep sep-none\" style=\"border-color:#e0dede;margin-left: auto;margin-right: auto;margin-top:20px;\"><\/div><div class=\"accordian fusion-accordian\"><div class=\"panel-group\" id=\"accordion-106-1\"><div class=\"fusion-panel panel-default\"><div class=\"panel-heading\"><h4 class=\"panel-title toggle\"><a data-toggle=\"collapse\" data-parent=\"#accordion-106-1\" data-target=\"#128086a3b9e3e379e\" href=\"#128086a3b9e3e379e\"><div class=\"fusion-toggle-icon-wrapper\"><i class=\"fa-fusion-box\"><\/i><\/div><div class=\"fusion-toggle-heading\">ATUAIS<\/div><\/a><\/h4><\/div><div id=\"128086a3b9e3e379e\" class=\"panel-collapse collapse \"><div class=\"panel-body toggle-content\">Em breve<\/div><\/div><\/div><div class=\"fusion-panel panel-default\"><div class=\"panel-heading\"><h4 class=\"panel-title toggle\"><a class=\"active\" data-toggle=\"collapse\" data-parent=\"#accordion-106-1\" data-target=\"#789c8f1468784dafe\" href=\"#789c8f1468784dafe\"><div class=\"fusion-toggle-icon-wrapper\"><i class=\"fa-fusion-box\"><\/i><\/div><div class=\"fusion-toggle-heading\">J\u00c1 ATENDIDOS<\/div><\/a><\/h4><\/div><div id=\"789c8f1468784dafe\" class=\"panel-collapse collapse in\"><div class=\"panel-body toggle-content\">\n<p><strong><b>Nome do cliente:<\/b><\/strong> Sandra de S\u00e1 &#8211;\u00a0Am\u00e9ricas Music Hall<br \/>\n<strong>Descri\u00e7\u00e3o:<\/strong>\u00a0Show<br \/>\n<strong>Servi\u00e7o oferecido:<\/strong> Assessoria de Imprensa<\/p>\n<p><strong><b>Nome do cliente:<\/b><\/strong> Eu sou eles &#8211; Teatro Falabella e Teatro Vanucci<br \/>\n<strong>Descri\u00e7\u00e3o:<\/strong>\u00a0Com\u00e9dia<br \/>\n<strong>Servi\u00e7o oferecido:<\/strong> Assessoria de Imprensa<\/p>\n<p><strong><b>Nome do cliente:<\/b><\/strong> Arrai\u00e1 Beira do Lago &#8211; Riocentro<br \/>\n<strong>Descri\u00e7\u00e3o:<\/strong>\u00a0Festa<br \/>\n<strong>Servi\u00e7o oferecido:<\/strong> Assessoria de Imprensa<\/p>\n<p><strong><b>Nome do cliente:<\/b><\/strong> DJ Roger Melo<br \/>\n<strong>Descri\u00e7\u00e3o:<\/strong>\u00a0Show<br \/>\n<strong>Servi\u00e7o oferecido:<\/strong> Assessoria de Imprensa<\/p>\n<p><strong><b>Nome do cliente:<\/b><\/strong> Arcade Fire &#8211; Jeunesse Arena<br \/>\n<strong>Descri\u00e7\u00e3o:<\/strong>\u00a0Show<br \/>\n<strong>Servi\u00e7o oferecido:<\/strong> Assessoria de Imprensa<\/p>\n<p><strong><b>Nome do cliente:<\/b><\/strong> Ed Sheeran &#8211; Jeunesse Arena<br \/>\n<strong>Descri\u00e7\u00e3o:<\/strong>\u00a0Show<br \/>\n<strong>Servi\u00e7o oferecido:<\/strong> Assessoria de Imprensa<\/p>\n<p><strong><b>Nome do cliente:<\/b><\/strong> Ariana Grande &#8211; Jeunesse Arena<br \/>\n<strong>Descri\u00e7\u00e3o:<\/strong>\u00a0Show<br \/>\n<strong>Servi\u00e7o oferecido:<\/strong> Assessoria de Imprensa<\/p>\n<p><strong><b>Nome do cliente:<\/b><\/strong> Cantora Gab<br \/>\n<strong>Descri\u00e7\u00e3o:<\/strong>\u00a0Bloco da Favorita<br \/>\n<strong>Servi\u00e7o oferecido:<\/strong> Assessoria de Imprensa<\/p>\n<p><strong><b>Nome do cliente: <\/b><\/strong>Allenko<br \/>\n<strong>Descri\u00e7\u00e3o:<\/strong> Trio m\u00fasica eletr\u00f4nica<br \/>\n<strong>Servi\u00e7o oferecido:<\/strong> Assessoria de Imprensa<\/p>\n<p><strong><b>Nome do cliente:<\/b><\/strong> Show Whindersson Nunes &#8211; Jeunesse Arena<br \/>\n<strong>Descri\u00e7\u00e3o:<\/strong>\u00a0Pe\u00e7a Teatral<br \/>\n<strong>Servi\u00e7o oferecido:<\/strong> Assessoria de Imprensa<\/p>\n<p><strong><b>Nome do cliente:<\/b><\/strong> Rio in Comedy Festival &#8211; Teatro Vanucci<br \/>\n<strong>Descri\u00e7\u00e3o:<\/strong>\u00a0Festival<br \/>\n<strong>Servi\u00e7o oferecido:<\/strong> Assessoria de Imprensa<\/p>\n<p><strong><b>Nome do cliente:<\/b><\/strong> Martinho da Vila 8.0 &#8211; Uma Filosofia de Vida &#8211; Teatro Clara Nunes<br \/>\n<strong>Descri\u00e7\u00e3o:<\/strong> Pe\u00e7a Teatral<br \/>\n<strong>Servi\u00e7o oferecido:<\/strong> Assessoria de Imprensa<\/p>\n<p><strong><b>Nome do cliente:<\/b><\/strong> Pinocchio &#8211; O Musical &#8211; Teatro Vanucci<br \/>\n<strong>Descri\u00e7\u00e3o:<\/strong> Pe\u00e7a Teatral<br \/>\n<strong>Servi\u00e7o oferecido:<\/strong> Assessoria de Imprensa<\/p>\n<p><strong><b>Nome do cliente: <\/b><\/strong>O Or\u00e1culo &#8211; Teatro Vanucci<br \/>\n<strong>Descri\u00e7\u00e3o:<\/strong> Pe\u00e7a Teatral<br \/>\n<strong>Servi\u00e7o oferecido:<\/strong> Assessoria de Imprensa<\/p>\n<p><strong><b>Nome do cliente: <\/b><\/strong>Mais de Sessenta, tons de Cinza<br \/>\n<strong>Descri\u00e7\u00e3o:<\/strong> Pe\u00e7a Teatral<br \/>\n<strong>Servi\u00e7o oferecido:<\/strong> Assessoria de Imprensa<\/p>\n<p><strong>Nome do cliente:<\/strong> F\u00f3rum Prisma: explorando novos caminhos<br \/>\n<strong>Descri\u00e7\u00e3o:<\/strong> Evento<br \/>\n<strong>Servi\u00e7os Oferecidos:<\/strong> Assessoria de imprensa<\/p>\n<p><strong>Nome do cliente: <\/strong>Paix\u00e3o de Cristo \u2013 Floriano \u2013 Piau\u00ed<strong><br \/>\n<\/strong><strong>Descri\u00e7\u00e3o:\u00a0<\/strong>Evento<br \/>\n<strong>Servi\u00e7os Oferecidos:<\/strong>Assessoria de Imprensa Nacional<\/p>\n<p><strong>Nome do cliente: <\/strong>Paix\u00e3o de Cristo \u2013 Foz do Igua\u00e7u<strong><br \/>\n<\/strong><strong>Descri\u00e7\u00e3o:\u00a0<\/strong>Evento<br \/>\n<strong>Servi\u00e7os Oferecidos:<\/strong>Assessoria de Imprensa<\/p>\n<p><strong>Nome do cliente: <\/strong>Mar\u00edlia Mendon\u00e7a e Maiara e Maraisa &#8211; &#8220;Festa das Patroas&#8221; no Rioarena\/Jeunesse Arena<strong><br \/>\n<\/strong><strong>Descri\u00e7\u00e3o:\u00a0<\/strong>Show<br \/>\n<strong>Servi\u00e7os Oferecidos:<\/strong>Assessoria de Imprensa (parceria) e lista VIP<\/p>\n<p><strong>Nome do cliente: <\/strong>Grava\u00e7\u00e3o DVD Dennis DJ (Vivo Rio)<strong><br \/>\n<\/strong><strong>Descri\u00e7\u00e3o:\u00a0<\/strong>Show<br \/>\n<strong>Servi\u00e7os Oferecidos:<\/strong>Assessoria de Imprensa e lista VIP<\/p>\n<p><strong>Nome do cliente: <\/strong>Andy Summers (The Police) e Rodrigo Santos (Bar\u00e3o Vermelho) no Jockey &#8211; Rio de Janeiro\/RJ<strong><br \/>\n<\/strong><strong>Descri\u00e7\u00e3o:\u00a0<\/strong>Show<br \/>\n<strong>Servi\u00e7os Oferecidos:<\/strong>Assessoria de Imprensa<\/p>\n<p><strong>Nome do cliente: <\/strong>Show da\u00a0Virada com Alex Cohen no R\u00e9veillon de Copacabana<strong>\u00a0<\/strong><strong><br \/>\n<\/strong><strong>Descri\u00e7\u00e3o:\u00a0<\/strong>Show<br \/>\n<strong>Servi\u00e7os Oferecidos:<\/strong>Assessoria de Imprensa e TV<\/p>\n<p><strong>Nenhum de N\u00f3s \u2013 \u201cSempre \u00e9 Hoje\u201d<\/strong><br \/>\n<strong>Descri\u00e7\u00e3o: <\/strong>Show no palco do Teatro Bradesco Rio<br \/>\n<strong>Servi\u00e7os Oferecidos:<\/strong> Assessoria de Imprensa<\/p>\n<p><strong>Nome do cliente: <\/strong>XIII Confer\u00eancia Iberoamericana de Educa\u00e7\u00e3o em Enfermagem (XIII CIENF)<br \/>\n<strong>Descri\u00e7\u00e3o:<\/strong> Confer\u00eancia<br \/>\n<strong>Servi\u00e7os:<\/strong> Assessoria de Imprensa<\/p>\n<p><strong>Nome do cliente:<\/strong>CULTURAL EMERJ<strong><br \/>\n<\/strong><strong>Descri\u00e7\u00e3o:<\/strong>N\u00facleo cultural da escola da magistratura do estado do rio de janeiro<br \/>\n<strong>Servi\u00e7os Oferecidos:<\/strong>Assessoria de Imprensa de todos os eventos<\/p>\n<p><strong>Nome do cliente:<\/strong>CAMAROTE UNIMED \/ FIGER \u2013 FINAL DA TA\u00c7A LIBERTADORES DA AM\u00c9RICA \u2013 FLUMINENSE X LDU<br \/>\n<strong>Descri\u00e7\u00e3o:<\/strong>Evento<br \/>\n<strong>Servi\u00e7os Oferecidos:<\/strong>Assessoria de Imprensa<\/p>\n<p><strong>Nome do cliente:<\/strong>ARMANDO ROMANELLI (ARTISTA PL\u00c1STICO)<br \/>\n<strong>Descri\u00e7\u00e3o:<\/strong>Arte e Cultura<br \/>\n<strong>Servi\u00e7os Oferecidos:<\/strong>Assessoria de Imprensa<\/p>\n<p><strong>Nome do cliente:<\/strong>ACADEMIA NACIONAL DE ATORES<br \/>\n<strong>Descri\u00e7\u00e3o:<\/strong>Arte e Cultura<br \/>\n<strong>Servi\u00e7os Oferecidos:<\/strong>Assessoria de Imprensa<\/p>\n<p><strong>Nome do cliente:<\/strong>CICLO DE LEITURAS MARCO POLO<br \/>\n<strong>Descri\u00e7\u00e3o:<\/strong>Arte e Cultura<br \/>\n<strong>Servi\u00e7os Oferecidos:<\/strong>Assessoria de Imprensa<\/p>\n<p><strong>Nome do cliente:<\/strong>CULTURAL EMERJ\u00a0 \u2013 N\u00daCLEO CULTURAL DA ESCOLA DA MAGISTRATURA DO ESTADO DO RIO DE JANEIRO<br \/>\n<strong>Descri\u00e7\u00e3o:<\/strong>Arte e Cultura<br \/>\n<strong>Servi\u00e7os Oferecidos:<\/strong>Assessoria de Imprensa<\/p>\n<p><strong>Nome do cliente:<\/strong>CURTA \u2013 \u201cPEDRO, ANA E A VERDADE\u201d 2007 \u2013 FESTA DE LAN\u00c7AMENTO E DIVULGA\u00c7\u00c3O DO CURTA<br \/>\n<strong>Descri\u00e7\u00e3o:<\/strong>Arte e Cultura<br \/>\n<strong>Servi\u00e7os Oferecidos:<\/strong>Assessoria de Imprensa<\/p>\n<p><strong>Nome do cliente<\/strong>: EROS GALERIA DE ARTE<br \/>\n<strong>Descri\u00e7\u00e3o:<\/strong>Arte e Cultura<br \/>\n<strong>Servi\u00e7os Oferecidos:<\/strong>Assessoria de Imprensa<\/p>\n<p><strong>Nome do cliente:<\/strong>RECITAL DE POESIA HOMENAGEANDO OS 100 ANOS DE MARIA SABINA<br \/>\n<strong>Descri\u00e7\u00e3o:<\/strong>Arte e Cultura<br \/>\n<strong>Servi\u00e7os Oferecidos:<\/strong>Assessoria de Imprensa<\/p>\n<p><strong>Nome do cliente:<\/strong>EXPOSI\u00c7\u00c3O \u201cJANELAS E FAVELAS\u201d DA ARTISTA PL\u00c1STICA VANDA COIMBRA<br \/>\n<strong>Descri\u00e7\u00e3o:<\/strong>Exposi\u00e7\u00e3o de arte<br \/>\n<strong>Servi\u00e7os Oferecidos:<\/strong>Assessoria de Imprensa<\/p>\n<p><strong>Nome do cliente:<\/strong>EXPOSI\u00c7\u00c3O \u201cLUZES DO EQUADOR 99\u201d DO ARTISTA PL\u00c1STICO SIEGBERT FRANKLIN<br \/>\n<strong>Descri\u00e7\u00e3o:<\/strong>Exposi\u00e7\u00e3o de arte<br \/>\n<strong>Servi\u00e7os Oferecidos:<\/strong>Assessoria de Imprensa<\/p>\n<p><strong>Nome do cliente:<\/strong>EXPOSI\u00c7\u00c3O \u201cTRANSL\u00daCIDA\u201d DA ARTISTA PL\u00c1STICA MARCIA CARLOS DE ANDRADE NA GALERIA DEBRET, EM PARIS<br \/>\n<strong>Descri\u00e7\u00e3o:<\/strong>Exposi\u00e7\u00e3o de arte<br \/>\n<strong>Servi\u00e7os Oferecidos:<\/strong>Assessoria de Imprensa<\/p>\n<p><strong>Nome do cliente:<\/strong>EXPOSI\u00c7\u00c3O \u201cUM PASSEIO PELO MUNDO\u201d DO ARTISTA PL\u00c1STICO ARMANDO ROMANELLI NO RIO DESIGN BARRA<strong><br \/>\n<\/strong><strong>Descri\u00e7\u00e3o:<\/strong>Exposi\u00e7\u00e3o de arte<br \/>\n<strong>Servi\u00e7os Oferecidos:<\/strong>Assessoria de Imprensa<\/p>\n<p><strong>Nome do cliente:<\/strong>KLB \u2013 CANEC\u00c3O<strong><br \/>\n<\/strong><strong>Descri\u00e7\u00e3o:<\/strong>Show<br \/>\n<strong>Servi\u00e7os Oferecidos:<\/strong>Colabora\u00e7\u00e3o na divulga\u00e7\u00e3o e lista de imprensa e VIPs<\/p>\n<p><strong>Nome do cliente:<\/strong>F\u00c1BIO Jr. \u2013 ATL HALL<strong><br \/>\n<\/strong><strong>Descri\u00e7\u00e3o:<\/strong>Show<br \/>\n<strong>Servi\u00e7os Oferecidos:<\/strong>Colabora\u00e7\u00e3o na divulga\u00e7\u00e3o e lista de imprensa e VIPs<\/p>\n<p><strong>Nome do cliente:<\/strong>PAULO MOURA EM K-XIMBLUES \u2013 CULTURAL EMERJ<strong><br \/>\n<\/strong><strong>Descri\u00e7\u00e3o:<\/strong>Show<br \/>\n<strong>Servi\u00e7os Oferecidos:<\/strong>Assessoria de Imprensa<\/p>\n<p><strong>Nome do cliente:<\/strong>N\u00d3 EM PINGO D\u2019\u00c1GUA \u2013 CULTURAL EMERJ<strong><br \/>\n<\/strong><strong>Descri\u00e7\u00e3o:<\/strong>Show<br \/>\n<strong>Servi\u00e7os Oferecidos:<\/strong>Assessoria de Imprensa<\/p>\n<p><strong>Nome do cliente:<\/strong>SHOW BRUNO &amp; MARRONE \u2013 CLARO HALL<strong><br \/>\n<\/strong><strong>Descri\u00e7\u00e3o:<\/strong>Show<br \/>\n<strong>Servi\u00e7os Oferecidos:<\/strong>Assessoria de Imprensa do lan\u00e7amento do CD \u201cBruno &amp; Marrone Ao Vivo\u201d e\u00a0\u00a0\u00a0Lista de imprensa e convidados VIP<\/p>\n<p><strong>Nome do cliente:<\/strong>SHOW INIMIGOS DA HP \u2013 CANEC\u00c3O 2006<strong><br \/>\n<\/strong><strong>Descri\u00e7\u00e3o:<\/strong>Show<br \/>\n<strong>Servi\u00e7os Oferecidos:<\/strong>Assessoria de Imprensa do lan\u00e7amento para o show elista VIP<\/p>\n<p><strong>Nome do cliente:<\/strong>SHOW DANIELA PROCOPIO \u2013 DASLU<strong><br \/>\n<\/strong><strong>Descri\u00e7\u00e3o:<\/strong>Show<br \/>\n<strong>Servi\u00e7os Oferecidos:<\/strong>Assessoria de Imprensa<\/p>\n<p><strong>Nome do cliente:<\/strong>FESTA BAZZA \u2013 2013<strong><br \/>\n<\/strong><strong>Descri\u00e7\u00e3o:<\/strong>festa<br \/>\n<strong>Servi\u00e7os Oferecidos:<\/strong>Assessoria de Imprensa<\/p>\n<p><strong>Nome do cliente:<\/strong>FESTA SPACE TOUR \u2013 BOATE 021 \u2013 2014<strong><br \/>\n<\/strong><strong>Descri\u00e7\u00e3o:<\/strong>festa<br \/>\n<strong>Servi\u00e7os Oferecidos:<\/strong>Assessoria de Imprensa<\/div><\/div><\/div><\/div><\/div><div class=\"fusion-clearfix\"><\/div><\/div><\/div><div class=\"fusion-one-third fusion-layout-column fusion-column-last fusion-spacing-yes\" style=\"margin-top:0px;margin-bottom:20px;\"><div class=\"fusion-column-wrapper\"><p><img loading=\"lazy\" decoding=\"async\" id=\"Image-Maps-Com-image-maps-2016-05-19-134146\" src=\"http:\/\/gmpassessoria.com.br\/site\/wp-content\/uploads\/2016\/07\/categoria-eventos.png\" alt=\"\" usemap=\"#image-maps-2016-05-19-134146\" width=\"300\" height=\"299\" border=\"0\" \/><\/p>\n<map id=\"ImageMapsCom-image-maps-2016-05-19-134146\" name=\"image-maps-2016-05-19-134146\">\n<area style=\"outline: none;\" title=\"M\u00fasica\" alt=\"M\u00fasica\" coords=\"3,209,88,295\" shape=\"rect\" href=\"http:\/\/gmpassessoria.com.br\/site\/musica\/\" target=\"_self\" \/>\n<area style=\"outline: none;\" title=\"Moda e Beleza\" alt=\"Moda e Beleza\" coords=\"3,2,88,88\" shape=\"rect\" href=\"http:\/\/gmpassessoria.com.br\/site\/moda-e-beleza\/\" target=\"_self\" \/>\n<area style=\"outline: none;\" title=\"Gastronomia\" alt=\"Gastronomia\" coords=\"106,2,191,88\" shape=\"rect\" href=\"http:\/\/gmpassessoria.com.br\/site\/gastronomia\/\" target=\"_self\" \/>\n<area style=\"outline: none;\" title=\"Neg\u00f3cios, varejo e servi\u00e7os\" alt=\"Neg\u00f3cios, varejo e servi\u00e7os\" coords=\"212,4,295,87\" shape=\"rect\" href=\"http:\/\/gmpassessoria.com.br\/site\/negocios-varejo-e-servicos\/\" target=\"_self\" \/>\n<area style=\"outline: none;\" title=\"\u00c1rea M\u00e9dica\" alt=\"\u00c1rea M\u00e9dica\" coords=\"4,107,87,190\" shape=\"rect\" href=\"http:\/\/gmpassessoria.com.br\/site\/area-medica\/\" target=\"_self\" \/>\n<area style=\"outline: none;\" title=\"Esporte\" alt=\"Esporte\" coords=\"107,107,191,191\" shape=\"rect\" href=\"http:\/\/gmpassessoria.com.br\/site\/esporte\/\" target=\"_self\" \/>\n<area style=\"outline: none;\" title=\"Cultura e Entretenimento\" alt=\"Cultura e Entretenimento\" coords=\"212,107,296,191\" shape=\"rect\" href=\"http:\/\/gmpassessoria.com.br\/site\/cultura-e-entretenimento\/\" target=\"_self\" \/>\n<area style=\"outline: none;\" title=\"Artistas\" alt=\"Artistas\" coords=\"107,210,190,294\" shape=\"rect\" href=\"http:\/\/gmpassessoria.com.br\/site\/artistas\/\" target=\"_self\" \/>\n<area style=\"outline: none;\" title=\"Eventos\" alt=\"Eventos\" coords=\"212,210,296,294\" shape=\"rect\" href=\"http:\/\/gmpassessoria.com.br\/site\/eventos\/\" target=\"_self\" \/>\n<area style=\"outline: none;\" title=\"Image Map\" alt=\"Image Map\" coords=\"298,297,300,299\" shape=\"rect\" href=\"http:\/\/www.image-maps.com\/index.php?aff=mapped_users_0\" \/> <\/map>\n<div class=\"fusion-clearfix\"><\/div><\/div><\/div><div class=\"fusion-clearfix\"><\/div><\/div><\/div>\n","protected":false},"excerpt":{"rendered":"","protected":false},"author":1,"featured_media":0,"parent":108,"menu_order":0,"comment_status":"closed","ping_status":"closed","template":"100-width.php","meta":{"footnotes":""},"class_list":["post-106","page","type-page","status-publish","hentry"],"_links":{"self":[{"href":"http:\/\/gmpassessoria.com.br\/site\/wp-json\/wp\/v2\/pages\/106","targetHints":{"allow":["GET"]}}],"collection":[{"href":"http:\/\/gmpassessoria.com.br\/site\/wp-json\/wp\/v2\/pages"}],"about":[{"href":"http:\/\/gmpassessoria.com.br\/site\/wp-json\/wp\/v2\/types\/page"}],"author":[{"embeddable":true,"href":"http:\/\/gmpassessoria.com.br\/site\/wp-json\/wp\/v2\/users\/1"}],"replies":[{"embeddable":true,"href":"http:\/\/gmpassessoria.com.br\/site\/wp-json\/wp\/v2\/comments?post=106"}],"version-history":[{"count":14,"href":"http:\/\/gmpassessoria.com.br\/site\/wp-json\/wp\/v2\/pages\/106\/revisions"}],"predecessor-version":[{"id":409,"href":"http:\/\/gmpassessoria.com.br\/site\/wp-json\/wp\/v2\/pages\/106\/revisions\/409"}],"up":[{"embeddable":true,"href":"http:\/\/gmpassessoria.com.br\/site\/wp-json\/wp\/v2\/pages\/108"}],"wp:attachment":[{"href":"http:\/\/gmpassessoria.com.br\/site\/wp-json\/wp\/v2\/media?parent=106"}],"curies":[{"name":"wp","href":"https:\/\/api.w.org\/{rel}","templated":true}]}}