{"id":101,"date":"2016-05-19T17:12:21","date_gmt":"2016-05-19T17:12:21","guid":{"rendered":"http:\/\/gmpassessoria.com.br\/site\/?page_id=101"},"modified":"2017-01-30T14:15:55","modified_gmt":"2017-01-30T14:15:55","slug":"cultura-e-entretenimento","status":"publish","type":"page","link":"http:\/\/gmpassessoria.com.br\/site\/clientes\/cultura-e-entretenimento\/","title":{"rendered":"Cultura e Entretenimento"},"content":{"rendered":"<div class=\"fusion-fullwidth fullwidth-box fusion-fullwidth-1  fusion-parallax-none nonhundred-percent-fullwidth\" style=\"border-color:#eae9e9;border-bottom-width: 0px;border-top-width: 0px;border-bottom-style: solid;border-top-style: solid;padding-bottom:20px;padding-top:20px;padding-left:;padding-right:;\"><style type=\"text\/css\" scoped=\"scoped\">.fusion-fullwidth-1 {\n                            padding-left: px !important;\n                            padding-right: px !important;\n                        }<\/style><div class=\"fusion-row\"><div class=\"fusion-one-full fusion-layout-column fusion-column-last fusion-spacing-yes\" style=\"margin-top:0px;margin-bottom:20px;\"><div class=\"fusion-column-wrapper\"><div class=\"imageframe-align-center\"><span class=\"fusion-imageframe imageframe-none imageframe-1 hover-type-zoomin\"> <img decoding=\"async\" src=\"http:\/\/gmpassessoria.com.br\/site\/wp-content\/uploads\/2016\/05\/Clientes_FOTO-DEPOIS-QUE-CLICA.jpg\" alt=\"\" class=\"img-responsive\"\/><\/span><\/div><div class=\"fusion-sep-clear\"><\/div><div class=\"fusion-separator fusion-full-width-sep sep-none\" style=\"border-color:#e0dede;margin-left: auto;margin-right: auto;margin-top:30px;\"><\/div><div class=\"fusion-clearfix\"><\/div><\/div><\/div><div class=\"fusion-clearfix\"><\/div><div class=\"fusion-two-third fusion-layout-column fusion-spacing-yes\" style=\"margin-top:0px;margin-bottom:20px;\"><div class=\"fusion-column-wrapper\"><div class=\"fusion-title title fusion-sep-none fusion-title-size-three\" style=\"margin-bottom:10px;\"><h3 class=\"title-heading-left\">CULTURA E ENTRETENIMENTO<\/h3><\/div><div class=\"fusion-sep-clear\"><\/div><div class=\"fusion-separator fusion-full-width-sep sep-none\" style=\"border-color:#e0dede;margin-left: auto;margin-right: auto;margin-top:20px;\"><\/div><div class=\"accordian fusion-accordian\"><div class=\"panel-group\" id=\"accordion-101-1\"><div class=\"fusion-panel panel-default\"><div class=\"panel-heading\"><h4 class=\"panel-title toggle\"><a class=\"active\" data-toggle=\"collapse\" data-parent=\"#accordion-101-1\" data-target=\"#29da976c5471a0806\" href=\"#29da976c5471a0806\"><div class=\"fusion-toggle-icon-wrapper\"><i class=\"fa-fusion-box\"><\/i><\/div><div class=\"fusion-toggle-heading\">ATUAIS<\/div><\/a><\/h4><\/div><div id=\"29da976c5471a0806\" class=\"panel-collapse collapse in\"><div class=\"panel-body toggle-content\"><strong>Bruno Atti<\/strong><br \/>\n<strong>Descri\u00e7\u00e3o:<\/strong>\u00a0Escritor<br \/>\n<strong>Servi\u00e7o oferecido:<\/strong>\u00a0Assessoria de Imprensa e Redes Sociais<\/p>\n<p><strong>Nana Pauvolih<\/strong><br \/>\n<strong>Descri\u00e7\u00e3o: <\/strong>Escritora<br \/>\n<strong>Servi\u00e7os Oferecidos:<\/strong> Assessoria de Imprensa<\/div><\/div><\/div><div class=\"fusion-panel panel-default\"><div class=\"panel-heading\"><h4 class=\"panel-title toggle\"><a data-toggle=\"collapse\" data-parent=\"#accordion-101-1\" data-target=\"#c27339e7ec41abfc3\" href=\"#c27339e7ec41abfc3\"><div class=\"fusion-toggle-icon-wrapper\"><i class=\"fa-fusion-box\"><\/i><\/div><div class=\"fusion-toggle-heading\">J\u00c1 ATENDIDOS<\/div><\/a><\/h4><\/div><div id=\"c27339e7ec41abfc3\" class=\"panel-collapse collapse \"><div class=\"panel-body toggle-content\"><strong>Espet\u00e1culo M\u00e9lodies \u2013 Com as sopranos N\u00e1dia Figueiredo e Marina Cyrino<\/strong><br \/>\n<strong>Descri\u00e7\u00e3o: <\/strong>Pe\u00e7a Teatral \u2013 Teatro Maison de France, RJ<br \/>\n<strong>Servi\u00e7os Oferecidos:<\/strong> Assessoria de Imprensa<\/p>\n<p><strong>Tati Zaqui<\/strong><br \/>\n<strong>Descri\u00e7\u00e3o: <\/strong>Show na Pink Elephant Rio<br \/>\n<strong>Servi\u00e7os Oferecidos:<\/strong> Assessoria de Imprensa<\/p>\n<p><strong>Toda Donzela Tem Um Pai Que \u00c9 Uma Fera<\/strong><br \/>\n<strong>Descri\u00e7\u00e3o: <\/strong>Pe\u00e7a teatral<br \/>\n<strong>Servi\u00e7os Oferecidos:<\/strong> Assessoria de Imprensa<\/p>\n<p><strong>Pink Elephant Rio<\/strong><br \/>\n<strong>Descri\u00e7\u00e3o: <\/strong>Casa Noturna<br \/>\n<strong>Servi\u00e7os Oferecidos:<\/strong> Assessoria de Imprensa<\/p>\n<p><strong>Paix\u00e3o de Cristo<\/strong><br \/>\n<strong>Descri\u00e7\u00e3o: <\/strong>(montagem \u2013 Piau\u00ed\/Floriano)<br \/>\n<strong>Servi\u00e7os Oferecidos:<\/strong> Assessoria de Imprensa<\/p>\n<p><strong>Paix\u00e3o de Cristo<\/strong><br \/>\n<strong>Descri\u00e7\u00e3o: <\/strong>(Foz do Igua\u00e7u)<br \/>\n<strong>Servi\u00e7os Oferecidos:<\/strong> Assessoria de Imprensa<\/p>\n<p><strong>Princesas No Faz de Conta<\/strong><br \/>\n<strong>Descri\u00e7\u00e3o: <\/strong>Pe\u00e7a teatral infantil \u2013 Shopping Fashion Mall<br \/>\n<strong>Servi\u00e7os Oferecidos:<\/strong> Assessoria de Imprensa<\/p>\n<p><strong>Nome do cliente:<\/strong> EMERJ<br \/>\n<strong> Descri\u00e7\u00e3o:<\/strong>Eventos culturais e cursos<br \/>\n<strong>Servi\u00e7os Oferecidos:<\/strong>Assessoria de Imprensa<\/p>\n<p><strong>Nome do cliente:<\/strong>\u201cRITOS PARA UM ATOR CONTEMPOR\u00c2NEO\u201d DO DIRETOR JANSSEN HUGO LAGE NO TEATRO VILLA-LOBOS<br \/>\n<strong>Descri\u00e7\u00e3o:<\/strong>Curso de teatro<br \/>\n<strong>Servi\u00e7os Oferecidos:<\/strong>Assessoria de Imprensa<\/p>\n<p><strong>Nome do cliente:<\/strong>SELE\u00c7\u00c3O DE ATORES PARA PE\u00c7A \u201cTITUS ANDRONICUS\u201d DO DIRETOR JANSSEN HUGO LAGE NA CAL (CASA DAS ARTES DE LARANJEIRAS)<br \/>\n<strong>Descri\u00e7\u00e3o:<\/strong>Curso de teatro<br \/>\n<strong>Servi\u00e7os Oferecidos:<\/strong>Assessoria de Imprensa<\/p>\n<p><strong>Nome do cliente:<\/strong>CURSO HERVAL ROSSANO<br \/>\n<strong>Descri\u00e7\u00e3o:<\/strong>Curso de dire\u00e7\u00e3o, interpreta\u00e7\u00e3o e produ\u00e7\u00e3o para tv<br \/>\n<strong>Servi\u00e7os Oferecidos:<\/strong>Assessoria de Imprensa<\/p>\n<p><strong>Nome do cliente<\/strong>: \u201cCOMO O DIABO GOSTA\u201d (THIAGO FRAGOSO) \u2013 2006 \u2013 DIRE\u00c7\u00c3O CL\u00c1UDIO HANDREY<br \/>\n<strong>Descri\u00e7\u00e3o:<\/strong>Pe\u00e7a de Teatro<br \/>\n<strong>Servi\u00e7os Oferecidos:<\/strong>Assessoria de Imprensa<\/p>\n<p><strong>Nome do cliente<\/strong>: \u201cCORRUPCIA\u201d NO TEATRO SHOPPING DA G\u00c1VEA CLARA NUNES \u2013 2006<br \/>\n<strong>Descri\u00e7\u00e3o:<\/strong>Pe\u00e7a de Teatro<br \/>\n<strong>Servi\u00e7os Oferecidos:<\/strong>Assessoria de Imprensa<\/p>\n<p><strong>Nome do cliente:<\/strong>OFICINA DE DAN\u00c7A PARA TV<br \/>\n<strong>Descri\u00e7\u00e3o:<\/strong>Curso de teatro<br \/>\n<strong>Servi\u00e7os Oferecidos:<\/strong>Assessoria de Imprensa<\/p>\n<p><strong>Nome do cliente<\/strong>: \u201cOTELO\u201d NO TEATRO VILLA-LOBOS NO RIO DE JANEIRO (TEMPORADA)<br \/>\n<strong>Descri\u00e7\u00e3o:<\/strong>Pe\u00e7a de Teatro<br \/>\n<strong>Servi\u00e7os Oferecidos:<\/strong>Assessoria de Imprensa<\/p>\n<p><strong>Nome do cliente<\/strong>: \u201cO TESOURO ENCANTADO\u201d NO TEATRO DOS GRANDES ATORES \u2013 2012<br \/>\n<strong>Descri\u00e7\u00e3o:<\/strong>Pe\u00e7a de Teatro<br \/>\n<strong>Servi\u00e7os Oferecidos:<\/strong>Assessoria de Imprensa<\/p>\n<p><strong>Nome do cliente<\/strong>: \u201cUMA MULHER VESTIDA DE SOL\u201d NO TEATRO GALERIA<br \/>\n<strong>Descri\u00e7\u00e3o:<\/strong>Pe\u00e7a de Teatro<br \/>\n<strong>Servi\u00e7os Oferecidos:<\/strong>Assessoria de Imprensa<\/p>\n<p><strong>Nome do cliente<\/strong>: \u201cNO OLHO DA RUA COM DED\u00c9 &amp; PUL\u201d NO TEATRO RUBENS CORR\u00caA<br \/>\n<strong>Descri\u00e7\u00e3o:<\/strong>Pe\u00e7a de Teatro<br \/>\n<strong>Servi\u00e7os Oferecidos:<\/strong>Assessoria de Imprensa<\/p>\n<p><strong>Nome do cliente<\/strong>: \u201cTRAI\u00c7\u00c3O\u201d \u2013 NO CENTRO CULTURAL \u00a0SUASSUNA e\u00a0TEATRO CAF\u00c9 PEQUENO<br \/>\n<strong>Descri\u00e7\u00e3o:<\/strong>Pe\u00e7a de Teatro<br \/>\n<strong>Servi\u00e7os Oferecidos:<\/strong>Assessoria de Imprensa<\/p>\n<p><strong>Nome do cliente<\/strong>: \u201cBEIJO ROUBADO\u201d \u2013 NO TEATRO DOS GRANDES ATORES<br \/>\n<strong>Descri\u00e7\u00e3o:<\/strong>Pe\u00e7a de Teatro<br \/>\n<strong>Servi\u00e7os Oferecidos:<\/strong>Assessoria de Imprensa<\/p>\n<p><strong>Nome do cliente<\/strong>: \u201cCOMO O DIABO GOSTA\u201d \u2013 NO TEATRO SESI RJ<br \/>\n<strong>Descri\u00e7\u00e3o:<\/strong>Pe\u00e7a de Teatro<br \/>\n<strong>Servi\u00e7os Oferecidos:<\/strong>Assessoria de Imprensa<\/p>\n<p><strong>Nome do cliente<\/strong>: \u201cCORR\u00daPCIA\u201d \u2013 NO TEATRO CLARA NUNES<br \/>\n<strong>Descri\u00e7\u00e3o:<\/strong>Pe\u00e7a de Teatro<br \/>\n<strong>Servi\u00e7os Oferecidos:<\/strong>Assessoria de Imprensa<\/p>\n<p><strong>Nome do cliente<\/strong>: \u201cCINDERELA DA SILVA\u201d \u2013 NO TEATRO POSTO SEIS<br \/>\n<strong>Descri\u00e7\u00e3o:<\/strong>Pe\u00e7a de Teatro<br \/>\n<strong>Servi\u00e7os Oferecidos:<\/strong>Assessoria de Imprensa<\/p>\n<p><strong>Nome do cliente<\/strong>: APRESENTA\u00c7\u00c3O S\u00c9RGIO BRITTO \u2013 \u201cS\u00c9RGIO 80\u201d- CULTURAL EMERJ<br \/>\n<strong>Descri\u00e7\u00e3o:<\/strong>Pe\u00e7a de Teatro<br \/>\n<strong>Servi\u00e7os Oferecidos:<\/strong>Assessoria de Imprensa<\/p>\n<p><strong>Nome do cliente<\/strong>: APRESENTA\u00c7\u00c3O GRUPO TAPA \u2013 \u201cOS EXECUTIVOS\u201d- CULTURAL EMERJ<br \/>\n<strong>Descri\u00e7\u00e3o:<\/strong>Pe\u00e7a de Teatro<br \/>\n<strong>Servi\u00e7os Oferecidos:<\/strong>Assessoria de Imprensa<\/p>\n<p><strong>Nome do cliente<\/strong>: \u201cSALTO EM F\u00daRIA\u201d NO TEATRO CANDIDO MENDES \u2013 2011<br \/>\n<strong>Descri\u00e7\u00e3o:<\/strong>Pe\u00e7a de Teatro<br \/>\n<strong>Servi\u00e7os Oferecidos:<\/strong>Assessoria de Imprensa<\/p>\n<p><strong>Nome do cliente<\/strong>: \u201cTERAPIA DO RISO\u201d \u2013 DESDE 2009<br \/>\n<strong>Descri\u00e7\u00e3o:<\/strong>Pe\u00e7a de Teatro<br \/>\n<strong>Servi\u00e7os Oferecidos:<\/strong>Assessoria de Imprensa<\/p>\n<p><strong>Nome do cliente<\/strong>: \u201cTERRIR\u201d NO TEATRO LEBLON \u2013 2012<br \/>\n<strong>Descri\u00e7\u00e3o:<\/strong>Pe\u00e7a de Teatro<br \/>\n<strong>Servi\u00e7os Oferecidos:<\/strong>Assessoria de Imprensa<\/p>\n<p><strong>Nome do cliente<\/strong>: \u201cAMANHAR \u00c9 DIA DE PECAR\u201d NO TEATRO IPANEMA<br \/>\n<strong>Descri\u00e7\u00e3o:<\/strong>Pe\u00e7a de Teatro<strong><br \/>\n<\/strong><strong>Servi\u00e7os Oferecidos:<\/strong>Assessoria de Imprensa<\/p>\n<p><strong>Nome do cliente<\/strong>: \u201cFAMA ZERO\u201d NO TEATRO CANDIDO MENDES<br \/>\n<strong>Descri\u00e7\u00e3o:<\/strong>Pe\u00e7a de Teatro<strong><br \/>\n<\/strong><strong>Servi\u00e7os Oferecidos:<\/strong>Assessoria de Imprensa<\/p>\n<p><strong>Nome do cliente<\/strong>: \u201cRISO SOLTO\u201d NO TEATRO VANUCCI \u2013 2008<br \/>\n<strong>Descri\u00e7\u00e3o:<\/strong>Pe\u00e7a de Teatro<strong><br \/>\n<\/strong><strong>Servi\u00e7os Oferecidos:<\/strong>Assessoria de Imprensa<\/p>\n<p><strong>Nome do cliente<\/strong>: \u201cSA\u00cdDA DE EMERG\u00caNCIA\u201d<br \/>\n<strong>Descri\u00e7\u00e3o:<\/strong>Pe\u00e7a de Teatro<strong><br \/>\n<\/strong><strong>Servi\u00e7os Oferecidos:<\/strong>Assessoria de Imprensa<\/p>\n<p><strong>Nome do cliente<\/strong>: \u201cPORQUINHOS O MUSICAL\u201dTEMPORADA TODA \u2013 2011<br \/>\n<strong>Descri\u00e7\u00e3o:<\/strong>Pe\u00e7a de Teatro<strong><br \/>\n<\/strong><strong>Servi\u00e7os Oferecidos:<\/strong>Assessoria de Imprensa<\/p>\n<p><strong>Nome do cliente<\/strong>: \u201cPRINCESAS DO FAZ DE CONTAS\u201d NO TEATRO MIGUEL FALABELLA \u2013 2012<br \/>\n<strong>Descri\u00e7\u00e3o:<\/strong>Pe\u00e7a de Teatro<br \/>\n<strong>Servi\u00e7os Oferecidos:<\/strong>Assessoria de Imprensa<\/p>\n<p><strong>Nome do cliente<\/strong>: \u201cSALTO EM F\u00daRIA\u201d NO TEATRO CANDIDO MENDES \u2013 2011<br \/>\n<strong>Descri\u00e7\u00e3o:<\/strong>Pe\u00e7a de Teatro<br \/>\n<strong>Servi\u00e7os Oferecidos:<\/strong>Assessoria de Imprensa<\/p>\n<p><strong>Nome do cliente<\/strong>: \u201cPINTANDO O SITE\u201d NO CENTRO CULTURAL VENEZA \u2013 2008<br \/>\n<strong>Descri\u00e7\u00e3o:<\/strong>Pe\u00e7a de Teatro<strong><br \/>\n<\/strong><strong>Servi\u00e7os Oferecidos:<\/strong>Assessoria de Imprensa<\/p>\n<p><strong>Nome do cliente<\/strong>: \u201cCOMO N\u00c3O ARRUINAR SEU RELACIONAMENTO\u201d NO TEATRO VANUCCI \u2013 2013<br \/>\n<strong>Descri\u00e7\u00e3o:<\/strong>Pe\u00e7a de Teatro<strong><br \/>\n<\/strong><strong>Servi\u00e7os Oferecidos:<\/strong>Assessoria de Imprensa<\/p>\n<p><strong>Nome do cliente<\/strong>: \u201cBOSSA NOVA\u201d -2009<br \/>\n<strong>Descri\u00e7\u00e3o:<\/strong>Pe\u00e7a de Teatro<strong><br \/>\n<\/strong><strong>Servi\u00e7os Oferecidos:<\/strong>Assessoria de Imprensa<\/p>\n<p><strong>Nome do cliente<\/strong>: \u201cMALVADAS \u2013 TUDO SOBRE SHARON, SHEILA E SHIRLEY\u201d \u2013 NO TEATRO CLARA NUNES.<br \/>\n<strong>Descri\u00e7\u00e3o:<\/strong>Pe\u00e7a de Teatro<strong><br \/>\n<\/strong><strong>Servi\u00e7os Oferecidos:<\/strong>Assessoria de Imprensa<\/p>\n<p><strong>Nome do cliente<\/strong>: \u201cOTELO\u201d \u2013 NO TEATRO VILLA-LOBOS.<br \/>\n<strong>Descri\u00e7\u00e3o:<\/strong>Pe\u00e7a de Teatro<strong><br \/>\n<\/strong><strong>Servi\u00e7os Oferecidos:<\/strong>Assessoria de Imprensa<\/p>\n<p><strong>Nome do cliente<\/strong>: \u201cEXILADOS\u201d \u2013 CENTRO CULTURAL SOLAR DE BOTAFOGO \u2013 RIO DE JANEIRO \u2013 DIRE\u00c7\u00c3O \u2013 RUY GUERRA<br \/>\n<strong>Descri\u00e7\u00e3o:<\/strong>Pe\u00e7a de Teatro<strong><br \/>\n<\/strong><strong>Servi\u00e7os Oferecidos:<\/strong>Assessoria de Imprensa<\/p>\n<p><strong>Nome do cliente<\/strong>:\u00a0\u201cO TESOURO ENCANTADO \u2013 UMA ANENTURA PELOS CONTOS DE FADAS\u201d \u2013 NO TEATRO DOS GRANDES ATORES.<br \/>\n<strong>Descri\u00e7\u00e3o:<\/strong>Pe\u00e7a de Teatro<strong><br \/>\n<\/strong><strong>Servi\u00e7os Oferecidos:<\/strong>Assessoria de Imprensa<\/p>\n<p><strong>Nome do cliente<\/strong>:\u00a0\u201cESCOLA MUSICAL 1 E 2\u201d \u2013 NO CENTRO CULTURAL SUASSUNA<br \/>\n<strong>Descri\u00e7\u00e3o:<\/strong>Pe\u00e7a de Teatro<strong><br \/>\n<\/strong><strong>Servi\u00e7os Oferecidos:<\/strong>Assessoria de Imprensa<\/p>\n<p><strong>Nome do cliente:<\/strong>\u00a0\u201cESCOLA MUSICAL\u201d \u2013 CENTRO CULTURAL VENEZA \/ CENTRO CULTURAL SUASSUNA<br \/>\n<strong>Descri\u00e7\u00e3o:<\/strong>Pe\u00e7a de Teatro<strong><br \/>\n<\/strong><strong>Servi\u00e7os Oferecidos:<\/strong>Assessoria de Imprensa<\/p>\n<p><strong>Nome do cliente:<\/strong>\u00a0\u201cESCOLA MUSICAL CURTINDO F\u00c9RIAS\u201d \u2013 CENTRO CULTURAL SUASSUNA \/ CENTRO CULTURAL VENEZA \/ TEATRO CLARA NUNES<br \/>\n<strong>Descri\u00e7\u00e3o:<\/strong>Pe\u00e7a de Teatro<strong><br \/>\n<\/strong><strong>Servi\u00e7os Oferecidos:<\/strong>Assessoria de Imprensa<\/p>\n<p><strong>Nome do cliente:<\/strong>\u201cESCOLA MUSICAL \u2013 O SHOW\u201d \u2013 TEATRO VANNUCCI<br \/>\n<strong>Descri\u00e7\u00e3o:<\/strong>Pe\u00e7a de Teatro<strong><br \/>\n<\/strong><strong>Servi\u00e7os Oferecidos:<\/strong>Assessoria de Imprensa<\/p>\n<p><strong>Nome do cliente:<\/strong>\u201cMORTE SOBRE A LAMA\u201d \u2013 CENTRO CULTURAL SOLAR DE BOTAFOGO<br \/>\n<strong>Descri\u00e7\u00e3o:<\/strong>Pe\u00e7a de Teatro<strong><br \/>\n<\/strong><strong>Servi\u00e7os Oferecidos:<\/strong>Assessoria de Imprensa<\/p>\n<p><strong>Nome do cliente:<\/strong>\u201cO OCO DO TOCO\u201d \u2013 NO TEATRO LEBLON<br \/>\n<strong>Descri\u00e7\u00e3o:<\/strong>Pe\u00e7a de Teatro<strong><br \/>\n<\/strong><strong>Servi\u00e7os Oferecidos:<\/strong>Assessoria de Imprensa<\/p>\n<p><strong>Nome do cliente:<\/strong>\u201cO MELHOR DO MUSICAL\u201d \u2013 NO CENTRO CULTURAL VENEZA<br \/>\n<strong>Descri\u00e7\u00e3o:<\/strong>Pe\u00e7a de Teatro<strong><br \/>\n<\/strong><strong>Servi\u00e7os Oferecidos:<\/strong>Assessoria de Imprensa<\/p>\n<p><strong>Nome do cliente:<\/strong>\u00a0\u201cERA UMA VEZ CINDERELA\u201d \u2013 NO CENTRO CULTURAL SUASSUNA<br \/>\n<strong>Descri\u00e7\u00e3o:<\/strong>Pe\u00e7a de Teatro<strong><br \/>\n<\/strong><strong>Servi\u00e7os Oferecidos:<\/strong>Assessoria de Imprensa<\/p>\n<p><strong>Nome do cliente:<\/strong>\u00a0\u00a0\u201cO \u00daLTIMO VIRGEM CARIOCA\u201d \u2013 NO TEATRO CASA DA G\u00c1VEA<br \/>\n<strong>Descri\u00e7\u00e3o:<\/strong>Pe\u00e7a de Teatro<strong><br \/>\n<\/strong><strong>Servi\u00e7os Oferecidos:<\/strong>Assessoria de Imprensa<\/p>\n<p><strong>Nome do cliente:<\/strong>\u00a0\u201cPINTANDO SETE\u201d \u2013 NO CENTRO CULTURAL VENEZA<br \/>\n<strong>Descri\u00e7\u00e3o:<\/strong>Pe\u00e7a de Teatro<strong><br \/>\n<\/strong><strong>Servi\u00e7os Oferecidos:<\/strong>Assessoria de Imprensa<\/p>\n<p><strong>Nome do cliente:<\/strong>\u00a0\u201cRISO SOLTO\u201d \u2013 NO TEATRO VANNUCCI<br \/>\n<strong>Descri\u00e7\u00e3o:<\/strong>Pe\u00e7a de Teatro<strong><br \/>\n<\/strong><strong>Servi\u00e7os Oferecidos:<\/strong>Assessoria de Imprensa<\/p>\n<p><strong>Nome do cliente:<\/strong>\u00a0\u201cRETRATOS DE UMA BOSSA NOVA\u201d \u2013 NO TEATRO VANNUCCI<br \/>\n<strong>Descri\u00e7\u00e3o:<\/strong>Pe\u00e7a de Teatro<strong><br \/>\n<\/strong><strong>Servi\u00e7os Oferecidos:<\/strong>Assessoria de Imprensa<\/p>\n<p><strong>Nome do cliente:<\/strong>\u00a0\u201cTERAPIA DO RISO\u201d \u2013 LAN\u00c7AMENTO DO DVD \u2013 VIVO RIO<br \/>\n<strong>Descri\u00e7\u00e3o:<\/strong>Pe\u00e7a de Teatro<strong><br \/>\n<\/strong><strong>Servi\u00e7os Oferecidos:<\/strong>Assessoria de Imprensa<\/p>\n<p><strong>Nome do cliente:<\/strong>\u00a0\u00a0\u201cTERAPIA DO RISO\u201d \u2013 TEATRO VANNUCCI<br \/>\n<strong>Descri\u00e7\u00e3o:<\/strong>Pe\u00e7a de Teatro<strong><br \/>\n<\/strong><strong>Servi\u00e7os Oferecidos:<\/strong>Assessoria de Imprensa<\/p>\n<p><strong>Nome do cliente:<\/strong>\u00a0\u00a0\u00a0\u201cTERAPIA DO RISO\u201d \u2013 TEATRO MIGUEL FALABELLA<br \/>\n<strong>Descri\u00e7\u00e3o:<\/strong>Pe\u00e7a de Teatro<strong><br \/>\n<\/strong><strong>Servi\u00e7os Oferecidos:<\/strong>Assessoria de Imprensa<\/p>\n<p><strong>Nome do cliente:<\/strong>\u00a0\u201cTERAPIA DO RISO 2 \u2013 A CHAVE DO SUCESSO\u201d \u2013 TEATRO MIGUEL FALABELLA \u2013 RIO DE JANEIRO<br \/>\n<strong>Descri\u00e7\u00e3o:<\/strong>Pe\u00e7a de Teatro<strong><br \/>\n<\/strong><strong>Servi\u00e7os Oferecidos:<\/strong>Assessoria de Imprensa<\/p>\n<p><strong>Nome do cliente:<\/strong>\u00a0\u00a0\u201cUMA HIST\u00d3RIA DE BORBOLETAS\u201d \u2013 NO CENTRO CULTURAL SOLAR DE BOTAFOGO \u2013 2009<br \/>\n<strong>Descri\u00e7\u00e3o:<\/strong>Pe\u00e7a de Teatro<strong><br \/>\n<\/strong><strong>Servi\u00e7os Oferecidos:<\/strong>Assessoria de Imprensa<\/p>\n<p><strong>Nome do cliente:<\/strong>\u00a0\u201cVER\u00d4NICA SEM VERGONHA\u201d \u2013 NO TEATRO DO POSTO SEIS<br \/>\n<strong>Descri\u00e7\u00e3o:<\/strong>Pe\u00e7a de Teatro<strong><br \/>\n<\/strong><strong>Servi\u00e7os Oferecidos:<\/strong>Assessoria de Imprensa<\/p>\n<p><strong>Nome do cliente:<\/strong>\u00a0HOMENAGEM A ANDERSON E ANDREZINHO DO GRUPO MOLEJO PELO LAN\u00c7AMENTO DO CD POLIVALENCIA NO MAXIM\u00b4S CLUB<br \/>\n<strong>Descri\u00e7\u00e3o:<\/strong>Festa<strong><br \/>\n<\/strong><strong>Servi\u00e7os Oferecidos:<\/strong>Assessoria de Imprensa<\/p>\n<p><strong>Nome do cliente:<\/strong>\u00a0HOMENAGEM AO GRUPO MR. JAM NO MAXIM\u00b4S CLUB<br \/>\n<strong>Descri\u00e7\u00e3o:<\/strong>Festa<strong><br \/>\n<\/strong><strong>Servi\u00e7os Oferecidos:<\/strong>Assessoria de Imprensa<\/p>\n<p><strong>Nome do cliente:<\/strong>\u00a0LAN\u00c7AMENTO DOS CURTAS METRAGEM \u201cO MAIOR E \u201cO MELHOR\u201d DE LUIS FERNANDO PETZHOLD E DANIEL CAMARGO<br \/>\n<strong>Descri\u00e7\u00e3o:<\/strong>Festa<strong><br \/>\n<\/strong><strong>Servi\u00e7os Oferecidos:<\/strong>Assessoria de Imprensa<\/p>\n<p><strong>Nome do cliente:<\/strong>\u00a0FESTA DA S\u00c9RIE \u201cAQUARELA DO BRASIL\u201d, DA REDE GLOBO<br \/>\n<strong>Descri\u00e7\u00e3o:<\/strong>Festa<strong><br \/>\n<\/strong><strong>Servi\u00e7os Oferecidos:<\/strong>Assessoria de Imprensa<\/p>\n<p><strong>Nome do cliente:<\/strong>\u00a0SHOW FORR\u00d3BLACKSOUL \u2013 NO MALAGUETA<br \/>\n<strong>Descri\u00e7\u00e3o:<\/strong>Show<strong><br \/>\n<\/strong><strong>Servi\u00e7os Oferecidos:<\/strong>Assessoria de Imprensa para o evento que com shows dos cantores Max de Castro, Pepeu Gomes, Cl\u00e1udio Zoli, o grupo Berimbrown e o trio Virgulino.<\/p>\n<p><strong>Nome do cliente:<\/strong>\u00a0\u201cCONFER\u00caNCIA DE CINEMA DIGITAL\u201d NA CASA DA G\u00c1VEA<br \/>\n<strong>Descri\u00e7\u00e3o:<\/strong>Festa<strong><br \/>\n<\/strong><strong>Servi\u00e7os Oferecidos:<\/strong>Assessoria de Imprensa<\/div><\/div><\/div><\/div><\/div><div class=\"fusion-clearfix\"><\/div><\/div><\/div><div class=\"fusion-one-third fusion-layout-column fusion-column-last fusion-spacing-yes\" style=\"margin-top:0px;margin-bottom:20px;\"><div class=\"fusion-column-wrapper\"><p><img loading=\"lazy\" decoding=\"async\" id=\"Image-Maps-Com-image-maps-2016-05-19-134148\" src=\"http:\/\/gmpassessoria.com.br\/site\/wp-content\/uploads\/2016\/07\/categoria-entretenimento.png\" alt=\"\" usemap=\"#image-maps-2016-05-19-134148\" width=\"300\" height=\"299\" border=\"0\" \/><\/p>\n<map id=\"ImageMapsCom-image-maps-2016-05-19-134148\" name=\"image-maps-2016-05-19-134148\">\n<area style=\"outline: none;\" title=\"M\u00fasica\" alt=\"M\u00fasica\" coords=\"3,209,88,295\" shape=\"rect\" href=\"http:\/\/gmpassessoria.com.br\/site\/musica\/\" target=\"_self\" \/>\n<area style=\"outline: none;\" title=\"Moda e Beleza\" alt=\"Moda e Beleza\" coords=\"3,2,88,88\" shape=\"rect\" href=\"http:\/\/gmpassessoria.com.br\/site\/moda-e-beleza\/\" target=\"_self\" \/>\n<area style=\"outline: none;\" title=\"Gastronomia\" alt=\"Gastronomia\" coords=\"106,2,191,88\" shape=\"rect\" href=\"http:\/\/gmpassessoria.com.br\/site\/gastronomia\/\" target=\"_self\" \/>\n<area style=\"outline: none;\" title=\"Neg\u00f3cios, varejo e servi\u00e7os\" alt=\"Neg\u00f3cios, varejo e servi\u00e7os\" coords=\"212,4,295,87\" shape=\"rect\" href=\"http:\/\/gmpassessoria.com.br\/site\/negocios-varejo-e-servicos\/\" target=\"_self\" \/>\n<area style=\"outline: none;\" title=\"\u00c1rea M\u00e9dica\" alt=\"\u00c1rea M\u00e9dica\" coords=\"4,107,87,190\" shape=\"rect\" href=\"http:\/\/gmpassessoria.com.br\/site\/area-medica\/\" target=\"_self\" \/>\n<area style=\"outline: none;\" title=\"Esporte\" alt=\"Esporte\" coords=\"107,107,191,191\" shape=\"rect\" href=\"http:\/\/gmpassessoria.com.br\/site\/esporte\/\" target=\"_self\" \/>\n<area style=\"outline: none;\" title=\"Cultura e Entretenimento\" alt=\"Cultura e Entretenimento\" coords=\"212,107,296,191\" shape=\"rect\" href=\"http:\/\/gmpassessoria.com.br\/site\/cultura-e-entretenimento\/\" target=\"_self\" \/>\n<area style=\"outline: none;\" title=\"Artistas\" alt=\"Artistas\" coords=\"107,210,190,294\" shape=\"rect\" href=\"http:\/\/gmpassessoria.com.br\/site\/artistas\/\" target=\"_self\" \/>\n<area style=\"outline: none;\" title=\"Eventos\" alt=\"Eventos\" coords=\"212,210,296,294\" shape=\"rect\" href=\"http:\/\/gmpassessoria.com.br\/site\/eventos\/\" target=\"_self\" \/>\n<area style=\"outline: none;\" title=\"Image Map\" alt=\"Image Map\" coords=\"298,297,300,299\" shape=\"rect\" href=\"http:\/\/www.image-maps.com\/index.php?aff=mapped_users_0\" \/> <\/map>\n<div class=\"fusion-clearfix\"><\/div><\/div><\/div><div class=\"fusion-clearfix\"><\/div><\/div><\/div>\n","protected":false},"excerpt":{"rendered":"","protected":false},"author":1,"featured_media":0,"parent":108,"menu_order":0,"comment_status":"closed","ping_status":"closed","template":"100-width.php","meta":{"footnotes":""},"class_list":["post-101","page","type-page","status-publish","hentry"],"_links":{"self":[{"href":"http:\/\/gmpassessoria.com.br\/site\/wp-json\/wp\/v2\/pages\/101","targetHints":{"allow":["GET"]}}],"collection":[{"href":"http:\/\/gmpassessoria.com.br\/site\/wp-json\/wp\/v2\/pages"}],"about":[{"href":"http:\/\/gmpassessoria.com.br\/site\/wp-json\/wp\/v2\/types\/page"}],"author":[{"embeddable":true,"href":"http:\/\/gmpassessoria.com.br\/site\/wp-json\/wp\/v2\/users\/1"}],"replies":[{"embeddable":true,"href":"http:\/\/gmpassessoria.com.br\/site\/wp-json\/wp\/v2\/comments?post=101"}],"version-history":[{"count":9,"href":"http:\/\/gmpassessoria.com.br\/site\/wp-json\/wp\/v2\/pages\/101\/revisions"}],"predecessor-version":[{"id":364,"href":"http:\/\/gmpassessoria.com.br\/site\/wp-json\/wp\/v2\/pages\/101\/revisions\/364"}],"up":[{"embeddable":true,"href":"http:\/\/gmpassessoria.com.br\/site\/wp-json\/wp\/v2\/pages\/108"}],"wp:attachment":[{"href":"http:\/\/gmpassessoria.com.br\/site\/wp-json\/wp\/v2\/media?parent=101"}],"curies":[{"name":"wp","href":"https:\/\/api.w.org\/{rel}","templated":true}]}}